{"id":27,"date":"2022-06-17T17:18:25","date_gmt":"2022-06-17T17:18:25","guid":{"rendered":"https:\/\/secret.iisilogistiikka.fi\/shop\/?page_id=27"},"modified":"2022-10-24T10:56:39","modified_gmt":"2022-10-24T07:56:39","slug":"etusivu","status":"publish","type":"page","link":"https:\/\/secret.iisilogistiikka.fi\/shop\/","title":{"rendered":"Etusivu"},"content":{"rendered":"\n<p><\/p>\n\n\n\n<p><\/p>\n\n\n\n<p><\/p>\n\n\n\n<p><\/p>\n\n\n\n<p><\/p>\n\n\n\n<div class=\"wp-block-group is-layout-flow wp-block-group-is-layout-flow\"><div class=\"wp-block-group__inner-container\">\n<div class=\"wp-block-columns is-layout-flex wp-container-core-columns-layout-1 wp-block-columns-is-layout-flex\">\n<div class=\"wp-block-column is-layout-flow wp-block-column-is-layout-flow\">\n<h1 class=\"wp-block-heading\"><strong>Iisishopping on uusi digitaalinen tukkumyyntialusta<\/strong> <strong>kaupoille ja yrityksille.<\/strong><\/h1>\n<\/div>\n<\/div>\n<\/div><\/div>\n\n\n\n<p><\/p>\n\n\n<div class=\"wp-block-image\">\n<figure class=\"aligncenter size-large\"><a href=\"https:\/\/secret.iisilogistiikka.fi\/shop\/wp-content\/uploads\/2022\/10\/Nimeton-suunn.malli_.png\"><img loading=\"lazy\" decoding=\"async\" width=\"1024\" height=\"213\" src=\"https:\/\/secret.iisilogistiikka.fi\/shop\/wp-content\/uploads\/2022\/10\/Nimeton-suunn.malli_-1024x213.png\" alt=\"Iisishopping on uusi digitaalinen tukkumyyntialusta kaupoille ja yrityksille\" class=\"wp-image-326\" srcset=\"https:\/\/secret.iisilogistiikka.fi\/shop\/wp-content\/uploads\/2022\/10\/Nimeton-suunn.malli_-1024x213.png 1024w, https:\/\/secret.iisilogistiikka.fi\/shop\/wp-content\/uploads\/2022\/10\/Nimeton-suunn.malli_-300x63.png 300w, https:\/\/secret.iisilogistiikka.fi\/shop\/wp-content\/uploads\/2022\/10\/Nimeton-suunn.malli_-768x160.png 768w, https:\/\/secret.iisilogistiikka.fi\/shop\/wp-content\/uploads\/2022\/10\/Nimeton-suunn.malli_-1536x320.png 1536w, https:\/\/secret.iisilogistiikka.fi\/shop\/wp-content\/uploads\/2022\/10\/Nimeton-suunn.malli_-2048x427.png 2048w, https:\/\/secret.iisilogistiikka.fi\/shop\/wp-content\/uploads\/2022\/10\/Nimeton-suunn.malli_-1320x275.png 1320w, https:\/\/secret.iisilogistiikka.fi\/shop\/wp-content\/uploads\/2022\/10\/Nimeton-suunn.malli_-416x87.png 416w\" sizes=\"(max-width: 1024px) 100vw, 1024px\" \/><\/a><\/figure><\/div>\n\n\n<p><\/p>\n\n\n\n<p><\/p>\n\n\n\n<h3 class=\"wp-block-heading\"><strong>Miksi ostaa Iisishoppingista?<\/strong><\/h3>\n\n\n\n<p style=\"font-size:20px\">Ostajayritykset voivat ostaa tuotteita useilta eri myyj\u00e4yrityksilt\u00e4 muutamalla klikkauksella yhdell\u00e4 tilauskerralla, toimitamme aina kaikki varastossa olevat tuotteet yhten\u00e4 l\u00e4hetyksen\u00e4 perille.<\/p>\n\n\n\n<p style=\"font-size:20px\">Tehokkaan tilausj\u00e4rjestelm\u00e4mme sek\u00e4 optimoitujen varasto ja kuljetusprosessien ansiosta s\u00e4\u00e4st\u00e4t toimituskuluissa ja saat tilaamasi tuotteet perille sijainnista riippuen jopa seuraavana p\u00e4iv\u00e4n\u00e4.<\/p>\n\n\n\n<p><\/p>\n\n\n\n<p><\/p>\n\n\n\n<hr class=\"wp-block-separator has-alpha-channel-opacity is-style-default\"\/>\n\n\n\n<p><\/p>\n\n\n\n<h3 class=\"wp-block-heading\"><strong>Myyj\u00e4yritykseksi Iisishoppingiin?<\/strong><\/h3>\n\n\n\n<p style=\"font-size:20px\">Iisishoppingin avulla luot nerokkaasti lis\u00e4\u00e4 kasvumahdollisuuksia yrityksellesi.<\/p>\n\n\n\n<p style=\"font-size:20px\">Tilausprovisioon perustuvalla alustallamme maksat alustan k\u00e4yt\u00f6st\u00e4 ainoastaan silloin kun yrityksell\u00e4si on myynti\u00e4 alustallamme.<br><\/p>\n\n\n\n<p style=\"font-size:20px\">Varastoit tavarasi varmasti ja edullisesti varastossamme, hoidamme puolestasi my\u00f6s kaiken muun logistiikkaan liittyv\u00e4n.<br><\/p>\n\n\n\n<p style=\"font-size:20px\">Hoidamme my\u00f6s puolestasi tilausten k\u00e4sittelyn, ker\u00e4ilyn, l\u00e4hetyksen ja laskutuksen.<\/p>\n\n\n\n<p><\/p>\n\n\n\n<div class=\"wp-block-buttons is-layout-flex wp-block-buttons-is-layout-flex\">\n<div class=\"wp-block-button aligncenter\"><a class=\"wp-block-button__link\" href=\"https:\/\/secret.iisilogistiikka.fi\/shop\/rekisteroidy\/\">Rekister\u00f6idy nyt<\/a><\/div>\n<\/div>\n","protected":false},"excerpt":{"rendered":"<p>Iisishopping on uusi digitaalinen tukkumyyntialusta kaupoille ja yrityksille. Miksi ostaa Iisishoppingista? Ostajayritykset voivat ostaa tuotteita useilta eri myyj\u00e4yrityksilt\u00e4 muutamalla klikkauksella yhdell\u00e4 tilauskerralla, toimitamme aina kaikki varastossa olevat tuotteet yhten\u00e4 l\u00e4hetyksen\u00e4 perille. Tehokkaan tilausj\u00e4rjestelm\u00e4mme sek\u00e4 optimoitujen varasto ja kuljetusprosessien ansiosta s\u00e4\u00e4st\u00e4t toimituskuluissa ja saat tilaamasi tuotteet perille sijainnista riippuen jopa seuraavana p\u00e4iv\u00e4n\u00e4. Myyj\u00e4yritykseksi Iisishoppingiin? Iisishoppingin avulla [&hellip;]<\/p>\n","protected":false},"author":1,"featured_media":0,"parent":0,"menu_order":0,"comment_status":"closed","ping_status":"closed","template":"","meta":{"footnotes":""},"yoast_head":"<!-- This site is optimized with the Yoast SEO plugin v21.5 - https:\/\/yoast.com\/wordpress\/plugins\/seo\/ -->\n<title>Etusivu - Iisishopping - Digitaalinen tukkukauppa yrityksille<\/title>\n<meta name=\"description\" content=\"Iisishopping on uusi digitaalinen tukkumyyntialusta kaupoille ja yrityksille. Voit tilata tuotteita useilta eri toimittajilta kerralla\" \/>\n<meta name=\"robots\" content=\"index, follow, max-snippet:-1, max-image-preview:large, max-video-preview:-1\" \/>\n<link rel=\"canonical\" href=\"https:\/\/secret.iisilogistiikka.fi\/shop\/\" \/>\n<meta property=\"og:locale\" content=\"fi_FI\" \/>\n<meta property=\"og:type\" content=\"article\" \/>\n<meta property=\"og:title\" content=\"Iisihopping - Digitaalista tukkukauppaa yrityksille\" \/>\n<meta property=\"og:description\" content=\"Voit tilata tuotteita useilta eri toimittajilta yhdell\u00e4 kertaa digitaalisen tukkakauppa alustamme avulla\" \/>\n<meta property=\"og:url\" content=\"https:\/\/secret.iisilogistiikka.fi\/shop\/\" \/>\n<meta property=\"og:site_name\" content=\"Iisishopping\" \/>\n<meta property=\"article:publisher\" content=\"https:\/\/www.facebook.com\/iisilogistiikka\" \/>\n<meta property=\"article:modified_time\" content=\"2022-10-24T07:56:39+00:00\" \/>\n<meta property=\"og:image\" content=\"https:\/\/secret.iisilogistiikka.fi\/shop\/wp-content\/uploads\/2022\/06\/iisishopping.png\" \/>\n\t<meta property=\"og:image:width\" content=\"1500\" \/>\n\t<meta property=\"og:image:height\" content=\"1500\" \/>\n\t<meta property=\"og:image:type\" content=\"image\/png\" \/>\n<meta name=\"twitter:card\" content=\"summary_large_image\" \/>\n<meta name=\"twitter:label1\" content=\"Arvioitu lukuaika\" \/>\n\t<meta name=\"twitter:data1\" content=\"1 minuutti\" \/>\n<script type=\"application\/ld+json\" class=\"yoast-schema-graph\">{\"@context\":\"https:\/\/schema.org\",\"@graph\":[{\"@type\":\"WebPage\",\"@id\":\"https:\/\/secret.iisilogistiikka.fi\/shop\/\",\"url\":\"https:\/\/secret.iisilogistiikka.fi\/shop\/\",\"name\":\"Etusivu - Iisishopping - Digitaalinen tukkukauppa yrityksille\",\"isPartOf\":{\"@id\":\"https:\/\/secret.iisilogistiikka.fi\/shop\/#website\"},\"datePublished\":\"2022-06-17T17:18:25+00:00\",\"dateModified\":\"2022-10-24T07:56:39+00:00\",\"description\":\"Iisishopping on uusi digitaalinen tukkumyyntialusta kaupoille ja yrityksille. Voit tilata tuotteita useilta eri toimittajilta kerralla\",\"breadcrumb\":{\"@id\":\"https:\/\/secret.iisilogistiikka.fi\/shop\/#breadcrumb\"},\"inLanguage\":\"fi\",\"potentialAction\":[{\"@type\":\"ReadAction\",\"target\":[\"https:\/\/secret.iisilogistiikka.fi\/shop\/\"]}]},{\"@type\":\"BreadcrumbList\",\"@id\":\"https:\/\/secret.iisilogistiikka.fi\/shop\/#breadcrumb\",\"itemListElement\":[{\"@type\":\"ListItem\",\"position\":1,\"name\":\"Etusivu\",\"item\":\"https:\/\/secret.iisilogistiikka.fi\/shop\/\"},{\"@type\":\"ListItem\",\"position\":2,\"name\":\"Etusivu\"}]},{\"@type\":\"WebSite\",\"@id\":\"https:\/\/secret.iisilogistiikka.fi\/shop\/#website\",\"url\":\"https:\/\/secret.iisilogistiikka.fi\/shop\/\",\"name\":\"Iisishopping\",\"description\":\"B2B tukkukauppa kaupoille ja yrityksille\",\"publisher\":{\"@id\":\"https:\/\/secret.iisilogistiikka.fi\/shop\/#organization\"},\"potentialAction\":[{\"@type\":\"SearchAction\",\"target\":{\"@type\":\"EntryPoint\",\"urlTemplate\":\"https:\/\/secret.iisilogistiikka.fi\/shop\/?s={search_term_string}\"},\"query-input\":\"required name=search_term_string\"}],\"inLanguage\":\"fi\"},{\"@type\":\"Organization\",\"@id\":\"https:\/\/secret.iisilogistiikka.fi\/shop\/#organization\",\"name\":\"Iisishopping\",\"url\":\"https:\/\/secret.iisilogistiikka.fi\/shop\/\",\"logo\":{\"@type\":\"ImageObject\",\"inLanguage\":\"fi\",\"@id\":\"https:\/\/secret.iisilogistiikka.fi\/shop\/#\/schema\/logo\/image\/\",\"url\":\"https:\/\/secret.iisilogistiikka.fi\/shop\/wp-content\/uploads\/2022\/06\/cropped-iisishopping.png\",\"contentUrl\":\"https:\/\/secret.iisilogistiikka.fi\/shop\/wp-content\/uploads\/2022\/06\/cropped-iisishopping.png\",\"width\":1500,\"height\":750,\"caption\":\"Iisishopping\"},\"image\":{\"@id\":\"https:\/\/secret.iisilogistiikka.fi\/shop\/#\/schema\/logo\/image\/\"},\"sameAs\":[\"https:\/\/www.facebook.com\/iisilogistiikka\"]}]}<\/script>\n<!-- \/ Yoast SEO plugin. -->","yoast_head_json":{"title":"Etusivu - Iisishopping - Digitaalinen tukkukauppa yrityksille","description":"Iisishopping on uusi digitaalinen tukkumyyntialusta kaupoille ja yrityksille. Voit tilata tuotteita useilta eri toimittajilta kerralla","robots":{"index":"index","follow":"follow","max-snippet":"max-snippet:-1","max-image-preview":"max-image-preview:large","max-video-preview":"max-video-preview:-1"},"canonical":"https:\/\/secret.iisilogistiikka.fi\/shop\/","og_locale":"fi_FI","og_type":"article","og_title":"Iisihopping - Digitaalista tukkukauppaa yrityksille","og_description":"Voit tilata tuotteita useilta eri toimittajilta yhdell\u00e4 kertaa digitaalisen tukkakauppa alustamme avulla","og_url":"https:\/\/secret.iisilogistiikka.fi\/shop\/","og_site_name":"Iisishopping","article_publisher":"https:\/\/www.facebook.com\/iisilogistiikka","article_modified_time":"2022-10-24T07:56:39+00:00","og_image":[{"width":1500,"height":1500,"url":"https:\/\/secret.iisilogistiikka.fi\/shop\/wp-content\/uploads\/2022\/06\/iisishopping.png","type":"image\/png"}],"twitter_card":"summary_large_image","twitter_misc":{"Arvioitu lukuaika":"1 minuutti"},"schema":{"@context":"https:\/\/schema.org","@graph":[{"@type":"WebPage","@id":"https:\/\/secret.iisilogistiikka.fi\/shop\/","url":"https:\/\/secret.iisilogistiikka.fi\/shop\/","name":"Etusivu - Iisishopping - Digitaalinen tukkukauppa yrityksille","isPartOf":{"@id":"https:\/\/secret.iisilogistiikka.fi\/shop\/#website"},"datePublished":"2022-06-17T17:18:25+00:00","dateModified":"2022-10-24T07:56:39+00:00","description":"Iisishopping on uusi digitaalinen tukkumyyntialusta kaupoille ja yrityksille. Voit tilata tuotteita useilta eri toimittajilta kerralla","breadcrumb":{"@id":"https:\/\/secret.iisilogistiikka.fi\/shop\/#breadcrumb"},"inLanguage":"fi","potentialAction":[{"@type":"ReadAction","target":["https:\/\/secret.iisilogistiikka.fi\/shop\/"]}]},{"@type":"BreadcrumbList","@id":"https:\/\/secret.iisilogistiikka.fi\/shop\/#breadcrumb","itemListElement":[{"@type":"ListItem","position":1,"name":"Etusivu","item":"https:\/\/secret.iisilogistiikka.fi\/shop\/"},{"@type":"ListItem","position":2,"name":"Etusivu"}]},{"@type":"WebSite","@id":"https:\/\/secret.iisilogistiikka.fi\/shop\/#website","url":"https:\/\/secret.iisilogistiikka.fi\/shop\/","name":"Iisishopping","description":"B2B tukkukauppa kaupoille ja yrityksille","publisher":{"@id":"https:\/\/secret.iisilogistiikka.fi\/shop\/#organization"},"potentialAction":[{"@type":"SearchAction","target":{"@type":"EntryPoint","urlTemplate":"https:\/\/secret.iisilogistiikka.fi\/shop\/?s={search_term_string}"},"query-input":"required name=search_term_string"}],"inLanguage":"fi"},{"@type":"Organization","@id":"https:\/\/secret.iisilogistiikka.fi\/shop\/#organization","name":"Iisishopping","url":"https:\/\/secret.iisilogistiikka.fi\/shop\/","logo":{"@type":"ImageObject","inLanguage":"fi","@id":"https:\/\/secret.iisilogistiikka.fi\/shop\/#\/schema\/logo\/image\/","url":"https:\/\/secret.iisilogistiikka.fi\/shop\/wp-content\/uploads\/2022\/06\/cropped-iisishopping.png","contentUrl":"https:\/\/secret.iisilogistiikka.fi\/shop\/wp-content\/uploads\/2022\/06\/cropped-iisishopping.png","width":1500,"height":750,"caption":"Iisishopping"},"image":{"@id":"https:\/\/secret.iisilogistiikka.fi\/shop\/#\/schema\/logo\/image\/"},"sameAs":["https:\/\/www.facebook.com\/iisilogistiikka"]}]}},"jetpack_sharing_enabled":true,"_links":{"self":[{"href":"https:\/\/secret.iisilogistiikka.fi\/shop\/wp-json\/wp\/v2\/pages\/27"}],"collection":[{"href":"https:\/\/secret.iisilogistiikka.fi\/shop\/wp-json\/wp\/v2\/pages"}],"about":[{"href":"https:\/\/secret.iisilogistiikka.fi\/shop\/wp-json\/wp\/v2\/types\/page"}],"author":[{"embeddable":true,"href":"https:\/\/secret.iisilogistiikka.fi\/shop\/wp-json\/wp\/v2\/users\/1"}],"replies":[{"embeddable":true,"href":"https:\/\/secret.iisilogistiikka.fi\/shop\/wp-json\/wp\/v2\/comments?post=27"}],"version-history":[{"count":18,"href":"https:\/\/secret.iisilogistiikka.fi\/shop\/wp-json\/wp\/v2\/pages\/27\/revisions"}],"predecessor-version":[{"id":356,"href":"https:\/\/secret.iisilogistiikka.fi\/shop\/wp-json\/wp\/v2\/pages\/27\/revisions\/356"}],"wp:attachment":[{"href":"https:\/\/secret.iisilogistiikka.fi\/shop\/wp-json\/wp\/v2\/media?parent=27"}],"curies":[{"name":"wp","href":"https:\/\/api.w.org\/{rel}","templated":true}]}}