{"id":494,"date":"2022-11-07T13:17:51","date_gmt":"2022-11-07T11:17:51","guid":{"rendered":"https:\/\/secret.iisilogistiikka.fi\/shop\/?page_id=494"},"modified":"2023-05-31T13:12:17","modified_gmt":"2023-05-31T10:12:17","slug":"clean-drink","status":"publish","type":"page","link":"https:\/\/secret.iisilogistiikka.fi\/shop\/clean-drink\/","title":{"rendered":"Clean Drink"},"content":{"rendered":"\n<p><\/p>\n\n\n\n<p><\/p>\n\n\n\n<div class=\"wp-block-media-text alignwide is-stacked-on-mobile\"><figure class=\"wp-block-media-text__media\"><img loading=\"lazy\" decoding=\"async\" width=\"500\" height=\"500\" src=\"https:\/\/secret.iisilogistiikka.fi\/shop\/wp-content\/uploads\/2022\/11\/Nimeton-suunn.malli-1.png\" alt=\"\" class=\"wp-image-500 size-full\" srcset=\"https:\/\/secret.iisilogistiikka.fi\/shop\/wp-content\/uploads\/2022\/11\/Nimeton-suunn.malli-1.png 500w, https:\/\/secret.iisilogistiikka.fi\/shop\/wp-content\/uploads\/2022\/11\/Nimeton-suunn.malli-1-300x300.png 300w, https:\/\/secret.iisilogistiikka.fi\/shop\/wp-content\/uploads\/2022\/11\/Nimeton-suunn.malli-1-150x150.png 150w, https:\/\/secret.iisilogistiikka.fi\/shop\/wp-content\/uploads\/2022\/11\/Nimeton-suunn.malli-1-324x324.png 324w, https:\/\/secret.iisilogistiikka.fi\/shop\/wp-content\/uploads\/2022\/11\/Nimeton-suunn.malli-1-416x416.png 416w, https:\/\/secret.iisilogistiikka.fi\/shop\/wp-content\/uploads\/2022\/11\/Nimeton-suunn.malli-1-100x100.png 100w, https:\/\/secret.iisilogistiikka.fi\/shop\/wp-content\/uploads\/2022\/11\/Nimeton-suunn.malli-1-24x24.png 24w, https:\/\/secret.iisilogistiikka.fi\/shop\/wp-content\/uploads\/2022\/11\/Nimeton-suunn.malli-1-48x48.png 48w, https:\/\/secret.iisilogistiikka.fi\/shop\/wp-content\/uploads\/2022\/11\/Nimeton-suunn.malli-1-96x96.png 96w\" sizes=\"(max-width: 500px) 100vw, 500px\" \/><\/figure><div class=\"wp-block-media-text__content\">\n<p>Clean on funktionaalinen juoma, joka on syntynyt ja toteutettu Pohjolassa. Clean ei sis\u00e4ll\u00e4 turhia lis\u00e4aineita ja mukaan on lis\u00e4tty vain vitamiineja sek\u00e4 mineraaleja.<\/p>\n<\/div><\/div>\n\n\n\n<p><\/p>\n\n\n\n<p><\/p>\n\n\n<div data-block-name=\"woocommerce\/handpicked-products\" data-products=\"[479,605,606,485,483,448,476,481,603]\" data-align-buttons=\"true\" class=\"wc-block-grid wp-block-handpicked-products wc-block-handpicked-products has-3-columns has-multiple-rows has-aligned-buttons\"><ul class=\"wc-block-grid__products\"><li class=\"wc-block-grid__product\">\n\t\t\t\t<a href=\"https:\/\/secret.iisilogistiikka.fi\/shop\/tuote\/clean-drink-mansikka-033-l\/\" class=\"wc-block-grid__product-link\">\n\t\t\t\t\t\n\t\t\t\t\t<div class=\"wc-block-grid__product-image\"><img loading=\"lazy\" decoding=\"async\" width=\"187\" height=\"324\" src=\"https:\/\/secret.iisilogistiikka.fi\/shop\/wp-content\/uploads\/2023\/05\/Clean_drink_Mansikka-187x324.png\" class=\"attachment-woocommerce_thumbnail size-woocommerce_thumbnail\" alt=\"Clean drink - Mansikka 0,33 l\" \/><\/div>\n\t\t\t\t\t<div class=\"wc-block-grid__product-title\">Clean drink &#8211; Mansikka 0,33 l<\/div>\n\t\t\t\t<\/a>\n\t\t\t\t<div class=\"wc-block-grid__product-price price\">Kirjaudu sis\u00e4\u00e4n n\u00e4hd\u00e4ksesi hinnat<\/div>\n\t\t\t\t\n\t\t\t\t<div class=\"wp-block-button wc-block-grid__product-add-to-cart\"><a href=\"https:\/\/secret.iisilogistiikka.fi\/shop\/tuote\/clean-drink-mansikka-033-l\/\" aria-label=\"Lue lis\u00e4\u00e4 &ldquo;Clean drink - Mansikka 0,33 l&rdquo; asiasta\" data-quantity=\"1\" data-product_id=\"606\" data-product_sku=\"CLEAN10\" rel=\"nofollow\" class=\"wp-block-button__link  add_to_cart_button\">Lue lis\u00e4\u00e4<\/a><\/div>\n\t\t\t<\/li><li class=\"wc-block-grid__product\">\n\t\t\t\t<a href=\"https:\/\/secret.iisilogistiikka.fi\/shop\/tuote\/clean-drink-cola-zero\/\" class=\"wc-block-grid__product-link\">\n\t\t\t\t\t\n\t\t\t\t\t<div class=\"wc-block-grid__product-image\"><img loading=\"lazy\" decoding=\"async\" width=\"187\" height=\"324\" src=\"https:\/\/secret.iisilogistiikka.fi\/shop\/wp-content\/uploads\/2022\/11\/clean-col-zero-product-187x324.png\" class=\"attachment-woocommerce_thumbnail size-woocommerce_thumbnail\" alt=\"Clean drink - Cola Zero\" \/><\/div>\n\t\t\t\t\t<div class=\"wc-block-grid__product-title\">Clean drink &#8211; Cola Zero 0,33l<\/div>\n\t\t\t\t<\/a>\n\t\t\t\t<div class=\"wc-block-grid__product-price price\">Kirjaudu sis\u00e4\u00e4n n\u00e4hd\u00e4ksesi hinnat<\/div>\n\t\t\t\t\n\t\t\t\t<div class=\"wp-block-button wc-block-grid__product-add-to-cart\"><a href=\"https:\/\/secret.iisilogistiikka.fi\/shop\/tuote\/clean-drink-cola-zero\/\" aria-label=\"Lue lis\u00e4\u00e4 &ldquo;Clean drink - Cola Zero 0,33l&rdquo; asiasta\" data-quantity=\"1\" data-product_id=\"605\" data-product_sku=\"CLEAN09\" rel=\"nofollow\" class=\"wp-block-button__link  add_to_cart_button\">Lue lis\u00e4\u00e4<\/a><\/div>\n\t\t\t<\/li><li class=\"wc-block-grid__product\">\n\t\t\t\t<a href=\"https:\/\/secret.iisilogistiikka.fi\/shop\/tuote\/clean-savd-vadelma\/\" class=\"wc-block-grid__product-link\">\n\t\t\t\t\t\n\t\t\t\t\t<div class=\"wc-block-grid__product-image\"><img loading=\"lazy\" decoding=\"async\" width=\"187\" height=\"324\" src=\"https:\/\/secret.iisilogistiikka.fi\/shop\/wp-content\/uploads\/2023\/05\/saved_v-187x324.png\" class=\"attachment-woocommerce_thumbnail size-woocommerce_thumbnail\" alt=\"Clean Sav:D - Vadelma\" \/><\/div>\n\t\t\t\t\t<div class=\"wc-block-grid__product-title\">Clean Sav:D &#8211; Vadelma 0,33l<\/div>\n\t\t\t\t<\/a>\n\t\t\t\t<div class=\"wc-block-grid__product-price price\">Kirjaudu sis\u00e4\u00e4n n\u00e4hd\u00e4ksesi hinnat<\/div>\n\t\t\t\t\n\t\t\t\t<div class=\"wp-block-button wc-block-grid__product-add-to-cart\"><a href=\"https:\/\/secret.iisilogistiikka.fi\/shop\/tuote\/clean-savd-vadelma\/\" aria-label=\"Lue lis\u00e4\u00e4 &ldquo;Clean Sav:D - Vadelma 0,33l&rdquo; asiasta\" data-quantity=\"1\" data-product_id=\"603\" data-product_sku=\"CLEAN08\" rel=\"nofollow\" class=\"wp-block-button__link  add_to_cart_button\">Lue lis\u00e4\u00e4<\/a><\/div>\n\t\t\t<\/li><li class=\"wc-block-grid__product\">\n\t\t\t\t<a href=\"https:\/\/secret.iisilogistiikka.fi\/shop\/tuote\/clean-drink-mansikka-ja-kiivi-033-l\/\" class=\"wc-block-grid__product-link\">\n\t\t\t\t\t\n\t\t\t\t\t<div class=\"wc-block-grid__product-image\"><img loading=\"lazy\" decoding=\"async\" width=\"187\" height=\"324\" src=\"https:\/\/secret.iisilogistiikka.fi\/shop\/wp-content\/uploads\/2022\/11\/Clean_Mansikka_Kiivi_1-187x324.jpg\" class=\"attachment-woocommerce_thumbnail size-woocommerce_thumbnail\" alt=\"Clean drink - Mansikka ja Kiivi 0,33 l\" \/><\/div>\n\t\t\t\t\t<div class=\"wc-block-grid__product-title\">Clean drink &#8211; Mansikka ja Kiivi 0,33 l<\/div>\n\t\t\t\t<\/a>\n\t\t\t\t<div class=\"wc-block-grid__product-price price\">Kirjaudu sis\u00e4\u00e4n n\u00e4hd\u00e4ksesi hinnat<\/div>\n\t\t\t\t\n\t\t\t\t<div class=\"wp-block-button wc-block-grid__product-add-to-cart\"><a href=\"https:\/\/secret.iisilogistiikka.fi\/shop\/tuote\/clean-drink-mansikka-ja-kiivi-033-l\/\" aria-label=\"Lue lis\u00e4\u00e4 &ldquo;Clean drink - Mansikka ja Kiivi 0,33 l&rdquo; asiasta\" data-quantity=\"1\" data-product_id=\"485\" data-product_sku=\"CLEAN06\" rel=\"nofollow\" class=\"wp-block-button__link  add_to_cart_button\">Lue lis\u00e4\u00e4<\/a><\/div>\n\t\t\t<\/li><li class=\"wc-block-grid__product\">\n\t\t\t\t<a href=\"https:\/\/secret.iisilogistiikka.fi\/shop\/tuote\/clean-drink-omena-ja-paaryna-033-l\/\" class=\"wc-block-grid__product-link\">\n\t\t\t\t\t\n\t\t\t\t\t<div class=\"wc-block-grid__product-image\"><img loading=\"lazy\" decoding=\"async\" width=\"187\" height=\"324\" src=\"https:\/\/secret.iisilogistiikka.fi\/shop\/wp-content\/uploads\/2022\/11\/apple_paron_produkt-187x324.png\" class=\"attachment-woocommerce_thumbnail size-woocommerce_thumbnail\" alt=\"Clean drink - Omena ja P\u00e4\u00e4ryn\u00e4 0,33 l\" \/><\/div>\n\t\t\t\t\t<div class=\"wc-block-grid__product-title\">Clean drink &#8211; Omena ja P\u00e4\u00e4ryn\u00e4 0,33 l<\/div>\n\t\t\t\t<\/a>\n\t\t\t\t<div class=\"wc-block-grid__product-price price\">Kirjaudu sis\u00e4\u00e4n n\u00e4hd\u00e4ksesi hinnat<\/div>\n\t\t\t\t\n\t\t\t\t<div class=\"wp-block-button wc-block-grid__product-add-to-cart\"><a href=\"https:\/\/secret.iisilogistiikka.fi\/shop\/tuote\/clean-drink-omena-ja-paaryna-033-l\/\" aria-label=\"Lue lis\u00e4\u00e4 &ldquo;Clean drink - Omena ja P\u00e4\u00e4ryn\u00e4 0,33 l&rdquo; asiasta\" data-quantity=\"1\" data-product_id=\"483\" data-product_sku=\"CLEAN05\" rel=\"nofollow\" class=\"wp-block-button__link  add_to_cart_button\">Lue lis\u00e4\u00e4<\/a><\/div>\n\t\t\t<\/li><li class=\"wc-block-grid__product\">\n\t\t\t\t<a href=\"https:\/\/secret.iisilogistiikka.fi\/shop\/tuote\/clean-savd-omena-033-l\/\" class=\"wc-block-grid__product-link\">\n\t\t\t\t\t\n\t\t\t\t\t<div class=\"wc-block-grid__product-image\"><img loading=\"lazy\" decoding=\"async\" width=\"187\" height=\"324\" src=\"https:\/\/secret.iisilogistiikka.fi\/shop\/wp-content\/uploads\/2022\/11\/Apple_Cleansavd-187x324.png\" class=\"attachment-woocommerce_thumbnail size-woocommerce_thumbnail\" alt=\"Clean Sav:D - Omena 0,33 l\" \/><\/div>\n\t\t\t\t\t<div class=\"wc-block-grid__product-title\">Clean Sav:D &#8211; Omena 0,33 l<\/div>\n\t\t\t\t<\/a>\n\t\t\t\t<div class=\"wc-block-grid__product-price price\">Kirjaudu sis\u00e4\u00e4n n\u00e4hd\u00e4ksesi hinnat<\/div>\n\t\t\t\t\n\t\t\t\t<div class=\"wp-block-button wc-block-grid__product-add-to-cart\"><a href=\"https:\/\/secret.iisilogistiikka.fi\/shop\/tuote\/clean-savd-omena-033-l\/\" aria-label=\"Lue lis\u00e4\u00e4 &ldquo;Clean Sav:D - Omena 0,33 l&rdquo; asiasta\" data-quantity=\"1\" data-product_id=\"481\" data-product_sku=\"CLEAN04\" rel=\"nofollow\" class=\"wp-block-button__link  add_to_cart_button\">Lue lis\u00e4\u00e4<\/a><\/div>\n\t\t\t<\/li><li class=\"wc-block-grid__product\">\n\t\t\t\t<a href=\"https:\/\/secret.iisilogistiikka.fi\/shop\/tuote\/clean-drink-ananas-033-l\/\" class=\"wc-block-grid__product-link\">\n\t\t\t\t\t\n\t\t\t\t\t<div class=\"wc-block-grid__product-image\"><img loading=\"lazy\" decoding=\"async\" width=\"187\" height=\"324\" src=\"https:\/\/secret.iisilogistiikka.fi\/shop\/wp-content\/uploads\/2022\/11\/Classic_Pineapple_products-187x324.png\" class=\"attachment-woocommerce_thumbnail size-woocommerce_thumbnail\" alt=\"Clean drink - Ananas 0,33 l\" \/><\/div>\n\t\t\t\t\t<div class=\"wc-block-grid__product-title\">Clean drink &#8211; Ananas 0,33 l<\/div>\n\t\t\t\t<\/a>\n\t\t\t\t<div class=\"wc-block-grid__product-price price\">Kirjaudu sis\u00e4\u00e4n n\u00e4hd\u00e4ksesi hinnat<\/div>\n\t\t\t\t\n\t\t\t\t<div class=\"wp-block-button wc-block-grid__product-add-to-cart\"><a href=\"https:\/\/secret.iisilogistiikka.fi\/shop\/tuote\/clean-drink-ananas-033-l\/\" aria-label=\"Lue lis\u00e4\u00e4 &ldquo;Clean drink - Ananas 0,33 l&rdquo; asiasta\" data-quantity=\"1\" data-product_id=\"479\" data-product_sku=\"CLEAN03\" rel=\"nofollow\" class=\"wp-block-button__link  add_to_cart_button\">Lue lis\u00e4\u00e4<\/a><\/div>\n\t\t\t<\/li><li class=\"wc-block-grid__product\">\n\t\t\t\t<a href=\"https:\/\/secret.iisilogistiikka.fi\/shop\/tuote\/clean-drink-vadelma-mustaherukka\/\" class=\"wc-block-grid__product-link\">\n\t\t\t\t\t\n\t\t\t\t\t<div class=\"wc-block-grid__product-image\"><img loading=\"lazy\" decoding=\"async\" width=\"187\" height=\"324\" src=\"https:\/\/secret.iisilogistiikka.fi\/shop\/wp-content\/uploads\/2022\/11\/svartvinbar_produkt-187x324.png\" class=\"attachment-woocommerce_thumbnail size-woocommerce_thumbnail\" alt=\"Clean drink - Vadelma-Mustaherukka 0,33 l\" \/><\/div>\n\t\t\t\t\t<div class=\"wc-block-grid__product-title\">Clean drink &#8211; Vadelma-Mustaherukka 0,33 l<\/div>\n\t\t\t\t<\/a>\n\t\t\t\t<div class=\"wc-block-grid__product-price price\">Kirjaudu sis\u00e4\u00e4n n\u00e4hd\u00e4ksesi hinnat<\/div>\n\t\t\t\t\n\t\t\t\t<div class=\"wp-block-button wc-block-grid__product-add-to-cart\"><a href=\"https:\/\/secret.iisilogistiikka.fi\/shop\/tuote\/clean-drink-vadelma-mustaherukka\/\" aria-label=\"Lue lis\u00e4\u00e4 &ldquo;Clean drink - Vadelma-Mustaherukka 0,33 l&rdquo; asiasta\" data-quantity=\"1\" data-product_id=\"476\" data-product_sku=\"CLEAN02\" rel=\"nofollow\" class=\"wp-block-button__link  add_to_cart_button\">Lue lis\u00e4\u00e4<\/a><\/div>\n\t\t\t<\/li><li class=\"wc-block-grid__product\">\n\t\t\t\t<a href=\"https:\/\/secret.iisilogistiikka.fi\/shop\/tuote\/clean-drink-suomalaiset-marjat-033-l\/\" class=\"wc-block-grid__product-link\">\n\t\t\t\t\t\n\t\t\t\t\t<div class=\"wc-block-grid__product-image\"><img loading=\"lazy\" decoding=\"async\" width=\"187\" height=\"324\" src=\"https:\/\/secret.iisilogistiikka.fi\/shop\/wp-content\/uploads\/2022\/11\/Suomalaiset_Marjat-187x324.jpeg\" class=\"attachment-woocommerce_thumbnail size-woocommerce_thumbnail\" alt=\"Clean drink - Suomalaiset Marjat 0,33 l\" \/><\/div>\n\t\t\t\t\t<div class=\"wc-block-grid__product-title\">Clean drink &#8211; Suomalaiset Marjat 0,33 l<\/div>\n\t\t\t\t<\/a>\n\t\t\t\t<div class=\"wc-block-grid__product-price price\">Kirjaudu sis\u00e4\u00e4n n\u00e4hd\u00e4ksesi hinnat<\/div>\n\t\t\t\t\n\t\t\t\t<div class=\"wp-block-button wc-block-grid__product-add-to-cart\"><a href=\"https:\/\/secret.iisilogistiikka.fi\/shop\/tuote\/clean-drink-suomalaiset-marjat-033-l\/\" aria-label=\"Lue lis\u00e4\u00e4 &ldquo;Clean drink - Suomalaiset Marjat 0,33 l&rdquo; asiasta\" data-quantity=\"1\" data-product_id=\"448\" data-product_sku=\"CLEAN01\" rel=\"nofollow\" class=\"wp-block-button__link  add_to_cart_button\">Lue lis\u00e4\u00e4<\/a><\/div>\n\t\t\t<\/li><\/ul><\/div>\n\n\n<p><\/p>\n","protected":false},"excerpt":{"rendered":"<p>Clean on funktionaalinen juoma, joka on syntynyt ja toteutettu Pohjolassa. Clean ei sis\u00e4ll\u00e4 turhia lis\u00e4aineita ja mukaan on lis\u00e4tty vain vitamiineja sek\u00e4 mineraaleja.<\/p>\n","protected":false},"author":1,"featured_media":0,"parent":0,"menu_order":0,"comment_status":"closed","ping_status":"closed","template":"","meta":{"footnotes":""},"yoast_head":"<!-- This site is optimized with the Yoast SEO plugin v21.5 - https:\/\/yoast.com\/wordpress\/plugins\/seo\/ -->\n<title>Clean Drink - Iisishopping<\/title>\n<meta name=\"robots\" content=\"index, follow, max-snippet:-1, max-image-preview:large, max-video-preview:-1\" \/>\n<link rel=\"canonical\" href=\"https:\/\/secret.iisilogistiikka.fi\/shop\/clean-drink\/\" \/>\n<meta property=\"og:locale\" content=\"fi_FI\" \/>\n<meta property=\"og:type\" content=\"article\" \/>\n<meta property=\"og:title\" content=\"Clean Drink - Iisishopping\" \/>\n<meta property=\"og:description\" content=\"Clean on funktionaalinen juoma, joka on syntynyt ja toteutettu Pohjolassa. Clean ei sis\u00e4ll\u00e4 turhia lis\u00e4aineita ja mukaan on lis\u00e4tty vain vitamiineja sek\u00e4 mineraaleja.\" \/>\n<meta property=\"og:url\" content=\"https:\/\/secret.iisilogistiikka.fi\/shop\/clean-drink\/\" \/>\n<meta property=\"og:site_name\" content=\"Iisishopping\" \/>\n<meta property=\"article:publisher\" content=\"https:\/\/www.facebook.com\/iisilogistiikka\" \/>\n<meta property=\"article:modified_time\" content=\"2023-05-31T10:12:17+00:00\" \/>\n<meta property=\"og:image\" content=\"https:\/\/secret.iisilogistiikka.fi\/shop\/wp-content\/uploads\/2022\/11\/Nimeton-suunn.malli-1.png\" \/>\n<meta name=\"twitter:card\" content=\"summary_large_image\" \/>\n<meta name=\"twitter:label1\" content=\"Arvioitu lukuaika\" \/>\n\t<meta name=\"twitter:data1\" content=\"1 minuutti\" \/>\n<script type=\"application\/ld+json\" class=\"yoast-schema-graph\">{\"@context\":\"https:\/\/schema.org\",\"@graph\":[{\"@type\":\"WebPage\",\"@id\":\"https:\/\/secret.iisilogistiikka.fi\/shop\/clean-drink\/\",\"url\":\"https:\/\/secret.iisilogistiikka.fi\/shop\/clean-drink\/\",\"name\":\"Clean Drink - Iisishopping\",\"isPartOf\":{\"@id\":\"https:\/\/secret.iisilogistiikka.fi\/shop\/#website\"},\"datePublished\":\"2022-11-07T11:17:51+00:00\",\"dateModified\":\"2023-05-31T10:12:17+00:00\",\"breadcrumb\":{\"@id\":\"https:\/\/secret.iisilogistiikka.fi\/shop\/clean-drink\/#breadcrumb\"},\"inLanguage\":\"fi\",\"potentialAction\":[{\"@type\":\"ReadAction\",\"target\":[\"https:\/\/secret.iisilogistiikka.fi\/shop\/clean-drink\/\"]}]},{\"@type\":\"BreadcrumbList\",\"@id\":\"https:\/\/secret.iisilogistiikka.fi\/shop\/clean-drink\/#breadcrumb\",\"itemListElement\":[{\"@type\":\"ListItem\",\"position\":1,\"name\":\"Etusivu\",\"item\":\"https:\/\/secret.iisilogistiikka.fi\/shop\/\"},{\"@type\":\"ListItem\",\"position\":2,\"name\":\"Clean Drink\"}]},{\"@type\":\"WebSite\",\"@id\":\"https:\/\/secret.iisilogistiikka.fi\/shop\/#website\",\"url\":\"https:\/\/secret.iisilogistiikka.fi\/shop\/\",\"name\":\"Iisishopping\",\"description\":\"B2B tukkukauppa kaupoille ja yrityksille\",\"publisher\":{\"@id\":\"https:\/\/secret.iisilogistiikka.fi\/shop\/#organization\"},\"potentialAction\":[{\"@type\":\"SearchAction\",\"target\":{\"@type\":\"EntryPoint\",\"urlTemplate\":\"https:\/\/secret.iisilogistiikka.fi\/shop\/?s={search_term_string}\"},\"query-input\":\"required name=search_term_string\"}],\"inLanguage\":\"fi\"},{\"@type\":\"Organization\",\"@id\":\"https:\/\/secret.iisilogistiikka.fi\/shop\/#organization\",\"name\":\"Iisishopping\",\"url\":\"https:\/\/secret.iisilogistiikka.fi\/shop\/\",\"logo\":{\"@type\":\"ImageObject\",\"inLanguage\":\"fi\",\"@id\":\"https:\/\/secret.iisilogistiikka.fi\/shop\/#\/schema\/logo\/image\/\",\"url\":\"https:\/\/secret.iisilogistiikka.fi\/shop\/wp-content\/uploads\/2022\/06\/cropped-iisishopping.png\",\"contentUrl\":\"https:\/\/secret.iisilogistiikka.fi\/shop\/wp-content\/uploads\/2022\/06\/cropped-iisishopping.png\",\"width\":1500,\"height\":750,\"caption\":\"Iisishopping\"},\"image\":{\"@id\":\"https:\/\/secret.iisilogistiikka.fi\/shop\/#\/schema\/logo\/image\/\"},\"sameAs\":[\"https:\/\/www.facebook.com\/iisilogistiikka\"]}]}<\/script>\n<!-- \/ Yoast SEO plugin. -->","yoast_head_json":{"title":"Clean Drink - Iisishopping","robots":{"index":"index","follow":"follow","max-snippet":"max-snippet:-1","max-image-preview":"max-image-preview:large","max-video-preview":"max-video-preview:-1"},"canonical":"https:\/\/secret.iisilogistiikka.fi\/shop\/clean-drink\/","og_locale":"fi_FI","og_type":"article","og_title":"Clean Drink - Iisishopping","og_description":"Clean on funktionaalinen juoma, joka on syntynyt ja toteutettu Pohjolassa. Clean ei sis\u00e4ll\u00e4 turhia lis\u00e4aineita ja mukaan on lis\u00e4tty vain vitamiineja sek\u00e4 mineraaleja.","og_url":"https:\/\/secret.iisilogistiikka.fi\/shop\/clean-drink\/","og_site_name":"Iisishopping","article_publisher":"https:\/\/www.facebook.com\/iisilogistiikka","article_modified_time":"2023-05-31T10:12:17+00:00","og_image":[{"url":"https:\/\/secret.iisilogistiikka.fi\/shop\/wp-content\/uploads\/2022\/11\/Nimeton-suunn.malli-1.png"}],"twitter_card":"summary_large_image","twitter_misc":{"Arvioitu lukuaika":"1 minuutti"},"schema":{"@context":"https:\/\/schema.org","@graph":[{"@type":"WebPage","@id":"https:\/\/secret.iisilogistiikka.fi\/shop\/clean-drink\/","url":"https:\/\/secret.iisilogistiikka.fi\/shop\/clean-drink\/","name":"Clean Drink - Iisishopping","isPartOf":{"@id":"https:\/\/secret.iisilogistiikka.fi\/shop\/#website"},"datePublished":"2022-11-07T11:17:51+00:00","dateModified":"2023-05-31T10:12:17+00:00","breadcrumb":{"@id":"https:\/\/secret.iisilogistiikka.fi\/shop\/clean-drink\/#breadcrumb"},"inLanguage":"fi","potentialAction":[{"@type":"ReadAction","target":["https:\/\/secret.iisilogistiikka.fi\/shop\/clean-drink\/"]}]},{"@type":"BreadcrumbList","@id":"https:\/\/secret.iisilogistiikka.fi\/shop\/clean-drink\/#breadcrumb","itemListElement":[{"@type":"ListItem","position":1,"name":"Etusivu","item":"https:\/\/secret.iisilogistiikka.fi\/shop\/"},{"@type":"ListItem","position":2,"name":"Clean Drink"}]},{"@type":"WebSite","@id":"https:\/\/secret.iisilogistiikka.fi\/shop\/#website","url":"https:\/\/secret.iisilogistiikka.fi\/shop\/","name":"Iisishopping","description":"B2B tukkukauppa kaupoille ja yrityksille","publisher":{"@id":"https:\/\/secret.iisilogistiikka.fi\/shop\/#organization"},"potentialAction":[{"@type":"SearchAction","target":{"@type":"EntryPoint","urlTemplate":"https:\/\/secret.iisilogistiikka.fi\/shop\/?s={search_term_string}"},"query-input":"required name=search_term_string"}],"inLanguage":"fi"},{"@type":"Organization","@id":"https:\/\/secret.iisilogistiikka.fi\/shop\/#organization","name":"Iisishopping","url":"https:\/\/secret.iisilogistiikka.fi\/shop\/","logo":{"@type":"ImageObject","inLanguage":"fi","@id":"https:\/\/secret.iisilogistiikka.fi\/shop\/#\/schema\/logo\/image\/","url":"https:\/\/secret.iisilogistiikka.fi\/shop\/wp-content\/uploads\/2022\/06\/cropped-iisishopping.png","contentUrl":"https:\/\/secret.iisilogistiikka.fi\/shop\/wp-content\/uploads\/2022\/06\/cropped-iisishopping.png","width":1500,"height":750,"caption":"Iisishopping"},"image":{"@id":"https:\/\/secret.iisilogistiikka.fi\/shop\/#\/schema\/logo\/image\/"},"sameAs":["https:\/\/www.facebook.com\/iisilogistiikka"]}]}},"jetpack_sharing_enabled":true,"_links":{"self":[{"href":"https:\/\/secret.iisilogistiikka.fi\/shop\/wp-json\/wp\/v2\/pages\/494"}],"collection":[{"href":"https:\/\/secret.iisilogistiikka.fi\/shop\/wp-json\/wp\/v2\/pages"}],"about":[{"href":"https:\/\/secret.iisilogistiikka.fi\/shop\/wp-json\/wp\/v2\/types\/page"}],"author":[{"embeddable":true,"href":"https:\/\/secret.iisilogistiikka.fi\/shop\/wp-json\/wp\/v2\/users\/1"}],"replies":[{"embeddable":true,"href":"https:\/\/secret.iisilogistiikka.fi\/shop\/wp-json\/wp\/v2\/comments?post=494"}],"version-history":[{"count":6,"href":"https:\/\/secret.iisilogistiikka.fi\/shop\/wp-json\/wp\/v2\/pages\/494\/revisions"}],"predecessor-version":[{"id":613,"href":"https:\/\/secret.iisilogistiikka.fi\/shop\/wp-json\/wp\/v2\/pages\/494\/revisions\/613"}],"wp:attachment":[{"href":"https:\/\/secret.iisilogistiikka.fi\/shop\/wp-json\/wp\/v2\/media?parent=494"}],"curies":[{"name":"wp","href":"https:\/\/api.w.org\/{rel}","templated":true}]}}