{"id":575,"date":"2023-02-07T13:54:35","date_gmt":"2023-02-07T11:54:35","guid":{"rendered":"https:\/\/secret.iisilogistiikka.fi\/shop\/?page_id=575"},"modified":"2023-02-07T13:54:38","modified_gmt":"2023-02-07T11:54:38","slug":"e6-palvelut","status":"publish","type":"page","link":"https:\/\/secret.iisilogistiikka.fi\/shop\/e6-palvelut\/","title":{"rendered":"E6-Palvelut"},"content":{"rendered":"\n<div class=\"wp-block-media-text alignwide is-stacked-on-mobile is-vertically-aligned-top\" style=\"grid-template-columns:35% auto\"><figure class=\"wp-block-media-text__media\"><img loading=\"lazy\" decoding=\"async\" width=\"227\" height=\"170\" src=\"https:\/\/secret.iisilogistiikka.fi\/shop\/wp-content\/uploads\/2023\/02\/e6-logo-1.jpg\" alt=\"\" class=\"wp-image-579 size-full\"\/><\/figure><div class=\"wp-block-media-text__content\">\n<p>Valikoimiimme kuuluvat erilaiset pakkaustarvikkeet, kuten pahvilaatikot, teipit ja kiristekalvot.<\/p>\n<\/div><\/div>\n\n\n<div data-block-name=\"woocommerce\/handpicked-products\" data-products=\"[560]\" data-align-buttons=\"true\" class=\"wc-block-grid wp-block-handpicked-products wc-block-handpicked-products has-3-columns has-multiple-rows has-aligned-buttons\"><ul class=\"wc-block-grid__products\"><li class=\"wc-block-grid__product\">\n\t\t\t\t<a href=\"https:\/\/secret.iisilogistiikka.fi\/shop\/tuote\/pahvilaatikko-590-x-390-x-450-350-mm\/\" class=\"wc-block-grid__product-link\">\n\t\t\t\t\t\n\t\t\t\t\t<div class=\"wc-block-grid__product-image\"><img loading=\"lazy\" decoding=\"async\" width=\"324\" height=\"324\" src=\"https:\/\/secret.iisilogistiikka.fi\/shop\/wp-content\/uploads\/2023\/02\/APLT16-324x324.png\" class=\"attachment-woocommerce_thumbnail size-woocommerce_thumbnail\" alt=\"Pahvilaatikko - 590 x 390 x 450\/350 MM\" srcset=\"https:\/\/secret.iisilogistiikka.fi\/shop\/wp-content\/uploads\/2023\/02\/APLT16-324x324.png 324w, https:\/\/secret.iisilogistiikka.fi\/shop\/wp-content\/uploads\/2023\/02\/APLT16-100x100.png 100w, https:\/\/secret.iisilogistiikka.fi\/shop\/wp-content\/uploads\/2023\/02\/APLT16-24x24.png 24w, https:\/\/secret.iisilogistiikka.fi\/shop\/wp-content\/uploads\/2023\/02\/APLT16-48x48.png 48w, https:\/\/secret.iisilogistiikka.fi\/shop\/wp-content\/uploads\/2023\/02\/APLT16-96x96.png 96w, https:\/\/secret.iisilogistiikka.fi\/shop\/wp-content\/uploads\/2023\/02\/APLT16-150x150.png 150w, https:\/\/secret.iisilogistiikka.fi\/shop\/wp-content\/uploads\/2023\/02\/APLT16-300x300.png 300w, https:\/\/secret.iisilogistiikka.fi\/shop\/wp-content\/uploads\/2023\/02\/APLT16.png 400w\" sizes=\"(max-width: 324px) 100vw, 324px\" \/><\/div>\n\t\t\t\t\t<div class=\"wc-block-grid__product-title\">Pahvilaatikko &#8211; 590 x 390 x 450\/350 MM<\/div>\n\t\t\t\t<\/a>\n\t\t\t\t<div class=\"wc-block-grid__product-price price\">Kirjaudu sis\u00e4\u00e4n n\u00e4hd\u00e4ksesi hinnat<\/div>\n\t\t\t\t\n\t\t\t\t<div class=\"wp-block-button wc-block-grid__product-add-to-cart\"><a href=\"https:\/\/secret.iisilogistiikka.fi\/shop\/tuote\/pahvilaatikko-590-x-390-x-450-350-mm\/\" aria-label=\"Lue lis\u00e4\u00e4 &ldquo;Pahvilaatikko - 590 x 390 x 450\/350 MM&rdquo; asiasta\" data-quantity=\"1\" data-product_id=\"560\" data-product_sku=\"APLT16\" rel=\"nofollow\" class=\"wp-block-button__link  add_to_cart_button\">Lue lis\u00e4\u00e4<\/a><\/div>\n\t\t\t<\/li><\/ul><\/div>","protected":false},"excerpt":{"rendered":"<p>Valikoimiimme kuuluvat erilaiset pakkaustarvikkeet, kuten pahvilaatikot, teipit ja kiristekalvot.<\/p>\n","protected":false},"author":1,"featured_media":0,"parent":0,"menu_order":0,"comment_status":"closed","ping_status":"closed","template":"","meta":{"footnotes":""},"yoast_head":"<!-- This site is optimized with the Yoast SEO plugin v21.5 - https:\/\/yoast.com\/wordpress\/plugins\/seo\/ -->\n<title>E6-Palvelut - Iisishopping<\/title>\n<meta name=\"robots\" content=\"index, follow, max-snippet:-1, max-image-preview:large, max-video-preview:-1\" \/>\n<link rel=\"canonical\" href=\"https:\/\/secret.iisilogistiikka.fi\/shop\/e6-palvelut\/\" \/>\n<meta property=\"og:locale\" content=\"fi_FI\" \/>\n<meta property=\"og:type\" content=\"article\" \/>\n<meta property=\"og:title\" content=\"E6-Palvelut - Iisishopping\" \/>\n<meta property=\"og:description\" content=\"Valikoimiimme kuuluvat erilaiset pakkaustarvikkeet, kuten pahvilaatikot, teipit ja kiristekalvot.\" \/>\n<meta property=\"og:url\" content=\"https:\/\/secret.iisilogistiikka.fi\/shop\/e6-palvelut\/\" \/>\n<meta property=\"og:site_name\" content=\"Iisishopping\" \/>\n<meta property=\"article:publisher\" content=\"https:\/\/www.facebook.com\/iisilogistiikka\" \/>\n<meta property=\"article:modified_time\" content=\"2023-02-07T11:54:38+00:00\" \/>\n<meta property=\"og:image\" content=\"https:\/\/secret.iisilogistiikka.fi\/shop\/wp-content\/uploads\/2023\/02\/e6-logo-1.jpg\" \/>\n<meta name=\"twitter:card\" content=\"summary_large_image\" \/>\n<meta name=\"twitter:label1\" content=\"Arvioitu lukuaika\" \/>\n\t<meta name=\"twitter:data1\" content=\"1 minuutti\" \/>\n<script type=\"application\/ld+json\" class=\"yoast-schema-graph\">{\"@context\":\"https:\/\/schema.org\",\"@graph\":[{\"@type\":\"WebPage\",\"@id\":\"https:\/\/secret.iisilogistiikka.fi\/shop\/e6-palvelut\/\",\"url\":\"https:\/\/secret.iisilogistiikka.fi\/shop\/e6-palvelut\/\",\"name\":\"E6-Palvelut - Iisishopping\",\"isPartOf\":{\"@id\":\"https:\/\/secret.iisilogistiikka.fi\/shop\/#website\"},\"datePublished\":\"2023-02-07T11:54:35+00:00\",\"dateModified\":\"2023-02-07T11:54:38+00:00\",\"breadcrumb\":{\"@id\":\"https:\/\/secret.iisilogistiikka.fi\/shop\/e6-palvelut\/#breadcrumb\"},\"inLanguage\":\"fi\",\"potentialAction\":[{\"@type\":\"ReadAction\",\"target\":[\"https:\/\/secret.iisilogistiikka.fi\/shop\/e6-palvelut\/\"]}]},{\"@type\":\"BreadcrumbList\",\"@id\":\"https:\/\/secret.iisilogistiikka.fi\/shop\/e6-palvelut\/#breadcrumb\",\"itemListElement\":[{\"@type\":\"ListItem\",\"position\":1,\"name\":\"Etusivu\",\"item\":\"https:\/\/secret.iisilogistiikka.fi\/shop\/\"},{\"@type\":\"ListItem\",\"position\":2,\"name\":\"E6-Palvelut\"}]},{\"@type\":\"WebSite\",\"@id\":\"https:\/\/secret.iisilogistiikka.fi\/shop\/#website\",\"url\":\"https:\/\/secret.iisilogistiikka.fi\/shop\/\",\"name\":\"Iisishopping\",\"description\":\"B2B tukkukauppa kaupoille ja yrityksille\",\"publisher\":{\"@id\":\"https:\/\/secret.iisilogistiikka.fi\/shop\/#organization\"},\"potentialAction\":[{\"@type\":\"SearchAction\",\"target\":{\"@type\":\"EntryPoint\",\"urlTemplate\":\"https:\/\/secret.iisilogistiikka.fi\/shop\/?s={search_term_string}\"},\"query-input\":\"required name=search_term_string\"}],\"inLanguage\":\"fi\"},{\"@type\":\"Organization\",\"@id\":\"https:\/\/secret.iisilogistiikka.fi\/shop\/#organization\",\"name\":\"Iisishopping\",\"url\":\"https:\/\/secret.iisilogistiikka.fi\/shop\/\",\"logo\":{\"@type\":\"ImageObject\",\"inLanguage\":\"fi\",\"@id\":\"https:\/\/secret.iisilogistiikka.fi\/shop\/#\/schema\/logo\/image\/\",\"url\":\"https:\/\/secret.iisilogistiikka.fi\/shop\/wp-content\/uploads\/2022\/06\/cropped-iisishopping.png\",\"contentUrl\":\"https:\/\/secret.iisilogistiikka.fi\/shop\/wp-content\/uploads\/2022\/06\/cropped-iisishopping.png\",\"width\":1500,\"height\":750,\"caption\":\"Iisishopping\"},\"image\":{\"@id\":\"https:\/\/secret.iisilogistiikka.fi\/shop\/#\/schema\/logo\/image\/\"},\"sameAs\":[\"https:\/\/www.facebook.com\/iisilogistiikka\"]}]}<\/script>\n<!-- \/ Yoast SEO plugin. -->","yoast_head_json":{"title":"E6-Palvelut - Iisishopping","robots":{"index":"index","follow":"follow","max-snippet":"max-snippet:-1","max-image-preview":"max-image-preview:large","max-video-preview":"max-video-preview:-1"},"canonical":"https:\/\/secret.iisilogistiikka.fi\/shop\/e6-palvelut\/","og_locale":"fi_FI","og_type":"article","og_title":"E6-Palvelut - Iisishopping","og_description":"Valikoimiimme kuuluvat erilaiset pakkaustarvikkeet, kuten pahvilaatikot, teipit ja kiristekalvot.","og_url":"https:\/\/secret.iisilogistiikka.fi\/shop\/e6-palvelut\/","og_site_name":"Iisishopping","article_publisher":"https:\/\/www.facebook.com\/iisilogistiikka","article_modified_time":"2023-02-07T11:54:38+00:00","og_image":[{"url":"https:\/\/secret.iisilogistiikka.fi\/shop\/wp-content\/uploads\/2023\/02\/e6-logo-1.jpg"}],"twitter_card":"summary_large_image","twitter_misc":{"Arvioitu lukuaika":"1 minuutti"},"schema":{"@context":"https:\/\/schema.org","@graph":[{"@type":"WebPage","@id":"https:\/\/secret.iisilogistiikka.fi\/shop\/e6-palvelut\/","url":"https:\/\/secret.iisilogistiikka.fi\/shop\/e6-palvelut\/","name":"E6-Palvelut - Iisishopping","isPartOf":{"@id":"https:\/\/secret.iisilogistiikka.fi\/shop\/#website"},"datePublished":"2023-02-07T11:54:35+00:00","dateModified":"2023-02-07T11:54:38+00:00","breadcrumb":{"@id":"https:\/\/secret.iisilogistiikka.fi\/shop\/e6-palvelut\/#breadcrumb"},"inLanguage":"fi","potentialAction":[{"@type":"ReadAction","target":["https:\/\/secret.iisilogistiikka.fi\/shop\/e6-palvelut\/"]}]},{"@type":"BreadcrumbList","@id":"https:\/\/secret.iisilogistiikka.fi\/shop\/e6-palvelut\/#breadcrumb","itemListElement":[{"@type":"ListItem","position":1,"name":"Etusivu","item":"https:\/\/secret.iisilogistiikka.fi\/shop\/"},{"@type":"ListItem","position":2,"name":"E6-Palvelut"}]},{"@type":"WebSite","@id":"https:\/\/secret.iisilogistiikka.fi\/shop\/#website","url":"https:\/\/secret.iisilogistiikka.fi\/shop\/","name":"Iisishopping","description":"B2B tukkukauppa kaupoille ja yrityksille","publisher":{"@id":"https:\/\/secret.iisilogistiikka.fi\/shop\/#organization"},"potentialAction":[{"@type":"SearchAction","target":{"@type":"EntryPoint","urlTemplate":"https:\/\/secret.iisilogistiikka.fi\/shop\/?s={search_term_string}"},"query-input":"required name=search_term_string"}],"inLanguage":"fi"},{"@type":"Organization","@id":"https:\/\/secret.iisilogistiikka.fi\/shop\/#organization","name":"Iisishopping","url":"https:\/\/secret.iisilogistiikka.fi\/shop\/","logo":{"@type":"ImageObject","inLanguage":"fi","@id":"https:\/\/secret.iisilogistiikka.fi\/shop\/#\/schema\/logo\/image\/","url":"https:\/\/secret.iisilogistiikka.fi\/shop\/wp-content\/uploads\/2022\/06\/cropped-iisishopping.png","contentUrl":"https:\/\/secret.iisilogistiikka.fi\/shop\/wp-content\/uploads\/2022\/06\/cropped-iisishopping.png","width":1500,"height":750,"caption":"Iisishopping"},"image":{"@id":"https:\/\/secret.iisilogistiikka.fi\/shop\/#\/schema\/logo\/image\/"},"sameAs":["https:\/\/www.facebook.com\/iisilogistiikka"]}]}},"jetpack_sharing_enabled":true,"_links":{"self":[{"href":"https:\/\/secret.iisilogistiikka.fi\/shop\/wp-json\/wp\/v2\/pages\/575"}],"collection":[{"href":"https:\/\/secret.iisilogistiikka.fi\/shop\/wp-json\/wp\/v2\/pages"}],"about":[{"href":"https:\/\/secret.iisilogistiikka.fi\/shop\/wp-json\/wp\/v2\/types\/page"}],"author":[{"embeddable":true,"href":"https:\/\/secret.iisilogistiikka.fi\/shop\/wp-json\/wp\/v2\/users\/1"}],"replies":[{"embeddable":true,"href":"https:\/\/secret.iisilogistiikka.fi\/shop\/wp-json\/wp\/v2\/comments?post=575"}],"version-history":[{"count":6,"href":"https:\/\/secret.iisilogistiikka.fi\/shop\/wp-json\/wp\/v2\/pages\/575\/revisions"}],"predecessor-version":[{"id":582,"href":"https:\/\/secret.iisilogistiikka.fi\/shop\/wp-json\/wp\/v2\/pages\/575\/revisions\/582"}],"wp:attachment":[{"href":"https:\/\/secret.iisilogistiikka.fi\/shop\/wp-json\/wp\/v2\/media?parent=575"}],"curies":[{"name":"wp","href":"https:\/\/api.w.org\/{rel}","templated":true}]}}