{"id":62,"date":"2022-06-17T19:39:07","date_gmt":"2022-06-17T19:39:07","guid":{"rendered":"https:\/\/secret.iisilogistiikka.fi\/shop\/?page_id=62"},"modified":"2022-10-14T10:31:34","modified_gmt":"2022-10-14T10:31:34","slug":"rekisteroidy","status":"publish","type":"page","link":"https:\/\/secret.iisilogistiikka.fi\/shop\/rekisteroidy\/","title":{"rendered":"Rekister\u00f6idy"},"content":{"rendered":"\t<div class='user-registration ur-frontend-form  ' id='user-registration-form-59'>\n\t\t\t\t\t<form method='post' class='register' data-form-id=\"59\"\n\t\t\t\tdata-enable-strength-password=\"1\" data-minimum-password-strength=\"3\"  data-captcha-enabled=\"\">\n\n\t\t\t\t\t\t\t\t\t\t\t<div class='ur-form-row'>\n\t\t\t\t\t\t\t\t\t\t\t\t\t\t\t\t\t\t<div class=\"ur-form-grid ur-grid-1\"\n\t\t\t\t\t\t\t\t\t\t\t\tstyle=\"width:48%\">\n\t\t\t\t\t\t\t\t\t\t\t\t\t\t\t\t\t\t\t\t\t\t\t\t\t\t<div  data-field-id=\"first_name\" class=\"ur-field-item field-first_name \">\n\t\t\t\t\t\t\t\t\t\t\t\t\t\t<div class=\"form-row validate-required\" id=\"first_name_field\" data-priority=\"\" ><label for=\"first_name\" class=\"ur-label\">Etunimi <abbr class=\"required\" title=\"required\">*<\/abbr><\/label> <span class=\"input-wrapper\"> <input data-rules=\"\" data-id=\"first_name\" type=\"text\" class=\"input-text  input-text ur-frontend-field  \" name=\"first_name\" id=\"first_name\" placeholder=\"\"  value=\"\" required=\"required\" data-label=\"Etunimi\" \/> <\/span> <\/div>\t\t\t\t\t\t\t\t\t\t\t\t\t\t\t\t<\/div>\n\t\t\t\t\t\t\t\t\t\t\t\t\t\t\t\t\t\t\t\t\t\t\t\t\t\t\t\t\t\t<div  data-field-id=\"input_box_1655492182\" class=\"ur-field-item field-text \">\n\t\t\t\t\t\t\t\t\t\t\t\t\t\t<div class=\"form-row validate-required\" id=\"input_box_1655492182_field\" data-priority=\"\" ><label for=\"input_box_1655492182\" class=\"ur-label\">Yritys <abbr class=\"required\" title=\"required\">*<\/abbr><\/label> <span class=\"input-wrapper\"> <input data-rules=\"\" data-id=\"input_box_1655492182\" type=\"text\" class=\"input-text  input-text ur-frontend-field  \" name=\"input_box_1655492182\" id=\"input_box_1655492182\" placeholder=\"\"  value=\"\" required=\"required\" data-label=\"Yritys\" maxlength=\"50\" \/> <\/span> <\/div>\t\t\t\t\t\t\t\t\t\t\t\t\t\t\t\t<\/div>\n\t\t\t\t\t\t\t\t\t\t\t\t\t\t\t\t\t\t\t\t\t\t\t\t\t\t\t\t\t\t<div  data-field-id=\"input_box_1655492057\" class=\"ur-field-item field-text \">\n\t\t\t\t\t\t\t\t\t\t\t\t\t\t<div class=\"form-row validate-required\" id=\"input_box_1655492057_field\" data-priority=\"\" ><label for=\"input_box_1655492057\" class=\"ur-label\">Verkkolaskuosoite <abbr class=\"required\" title=\"required\">*<\/abbr><\/label> <span class=\"input-wrapper\"> <input data-rules=\"\" data-id=\"input_box_1655492057\" type=\"text\" class=\"input-text  input-text ur-frontend-field  \" name=\"input_box_1655492057\" id=\"input_box_1655492057\" placeholder=\"\"  value=\"\" required=\"required\" data-label=\"Verkkolaskuosoite\" maxlength=\"50\" \/> <\/span> <\/div>\t\t\t\t\t\t\t\t\t\t\t\t\t\t\t\t<\/div>\n\t\t\t\t\t\t\t\t\t\t\t\t\t\t\t\t\t\t\t\t\t\t\t\t\t\t\t\t\t\t<div  data-field-id=\"number_box_1655492026\" class=\"ur-field-item field-number \">\n\t\t\t\t\t\t\t\t\t\t\t\t\t\t<div class=\"form-row validate-required\" id=\"number_box_1655492026_field\" data-priority=\"\" ><label for=\"number_box_1655492026\" class=\"ur-label\">Puhelinnumero <abbr class=\"required\" title=\"required\">*<\/abbr><\/label> <span class=\"input-wrapper\"> <input data-rules=\"\" data-id=\"number_box_1655492026\" type=\"number\" class=\"input-text  input-number ur-frontend-field  \" name=\"number_box_1655492026\" id=\"number_box_1655492026\" placeholder=\"\"  value=\"\" required=\"required\" data-label=\"Puhelinnumero\" step=\"1\" \/> <\/span> <\/div>\t\t\t\t\t\t\t\t\t\t\t\t\t\t\t\t<\/div>\n\t\t\t\t\t\t\t\t\t\t\t\t\t\t\t\t\t\t\t\t\t\t\t\t\t\t\t\t\t\t<div  data-field-id=\"input_box_1655492220\" class=\"ur-field-item field-text \">\n\t\t\t\t\t\t\t\t\t\t\t\t\t\t<div class=\"form-row validate-required\" id=\"input_box_1655492220_field\" data-priority=\"\" ><label for=\"input_box_1655492220\" class=\"ur-label\">Osoite <abbr class=\"required\" title=\"required\">*<\/abbr><\/label> <span class=\"input-wrapper\"> <input data-rules=\"\" data-id=\"input_box_1655492220\" type=\"text\" class=\"input-text  input-text ur-frontend-field  \" name=\"input_box_1655492220\" id=\"input_box_1655492220\" placeholder=\"\"  value=\"\" required=\"required\" data-label=\"Osoite\" maxlength=\"50\" \/> <\/span> <\/div>\t\t\t\t\t\t\t\t\t\t\t\t\t\t\t\t<\/div>\n\t\t\t\t\t\t\t\t\t\t\t\t\t\t\t\t\t\t\t\t\t\t\t\t\t\t\t\t\t\t<div  data-field-id=\"user_login\" class=\"ur-field-item field-user_login \">\n\t\t\t\t\t\t\t\t\t\t\t\t\t\t<div class=\"form-row validate-required\" id=\"user_login_field\" data-priority=\"\" ><label for=\"user_login\" class=\"ur-label\">K\u00e4ytt\u00e4j\u00e4tunnus <abbr class=\"required\" title=\"required\">*<\/abbr><\/label> <span class=\"input-wrapper\"> <input data-rules=\"\" data-id=\"user_login\" type=\"text\" class=\"input-text  input-text ur-frontend-field  \" name=\"user_login\" id=\"user_login\" placeholder=\"\"  value=\"\" required=\"required\" data-label=\"K\u00e4ytt\u00e4j\u00e4tunnus\" data-username-character=\"yes\"\/> <\/span> <\/div>\t\t\t\t\t\t\t\t\t\t\t\t\t\t\t\t<\/div>\n\t\t\t\t\t\t\t\t\t\t\t\t\t\t\t\t\t\t\t\t\t\t\t\t\t\t\t\t\t\t<div  data-field-id=\"select_1663226465\" class=\"ur-field-item field-select \">\n\t\t\t\t\t\t\t\t\t\t\t\t\t\t<div class=\"form-row \" id=\"select_1663226465_field\" data-priority=\"\" ><label for=\"select_1663226465\" class=\"ur-label\">Haluan kauppiaaksi<\/label><select data-rules=\"\" data-id=\"select_1663226465\" name=\"select_1663226465\" id=\"select_1663226465\" class=\"select ur-frontend-field  \" data-label=\"Haluan kauppiaaksi\" data-allow_clear=\"true\" data-placeholder=\"\">\n\t\t\t\t\t\t\t<option value=\"Kyll\u00e4\" >Kyll\u00e4<\/option><option value=\"Ei\" >Ei<\/option>\n\t\t\t\t\t\t<\/select><span class=\"description\">Valitse<\/span><\/div>\t\t\t\t\t\t\t\t\t\t\t\t\t\t\t\t<\/div>\n\t\t\t\t\t\t\t\t\t\t\t\t\t\t\t\t\t\t\t\t\t\t\t\t\t<\/div>\n\t\t\t\t\t\t\t\t\t\t\t\t\t\t\t\t\t\t\t\t\t<div class=\"ur-form-grid ur-grid-2\"\n\t\t\t\t\t\t\t\t\t\t\t\tstyle=\"width:48%\">\n\t\t\t\t\t\t\t\t\t\t\t\t\t\t\t\t\t\t\t\t\t\t\t\t\t\t<div  data-field-id=\"last_name\" class=\"ur-field-item field-last_name \">\n\t\t\t\t\t\t\t\t\t\t\t\t\t\t<div class=\"form-row validate-required\" id=\"last_name_field\" data-priority=\"\" ><label for=\"last_name\" class=\"ur-label\">Sukunimi <abbr class=\"required\" title=\"required\">*<\/abbr><\/label> <span class=\"input-wrapper\"> <input data-rules=\"\" data-id=\"last_name\" type=\"text\" class=\"input-text  input-text ur-frontend-field  \" name=\"last_name\" id=\"last_name\" placeholder=\"\"  value=\"\" required=\"required\" data-label=\"Sukunimi\" \/> <\/span> <\/div>\t\t\t\t\t\t\t\t\t\t\t\t\t\t\t\t<\/div>\n\t\t\t\t\t\t\t\t\t\t\t\t\t\t\t\t\t\t\t\t\t\t\t\t\t\t\t\t\t\t<div  data-field-id=\"input_box_1655491990\" class=\"ur-field-item field-text \">\n\t\t\t\t\t\t\t\t\t\t\t\t\t\t<div class=\"form-row validate-required\" id=\"input_box_1655491990_field\" data-priority=\"\" ><label for=\"input_box_1655491990\" class=\"ur-label\">Y-Tunnus <abbr class=\"required\" title=\"required\">*<\/abbr><\/label> <span class=\"input-wrapper\"> <input data-rules=\"\" data-id=\"input_box_1655491990\" type=\"text\" class=\"input-text  input-text ur-frontend-field  \" name=\"input_box_1655491990\" id=\"input_box_1655491990\" placeholder=\"\"  value=\"\" required=\"required\" data-label=\"Y-Tunnus\" maxlength=\"50\" \/> <\/span> <\/div>\t\t\t\t\t\t\t\t\t\t\t\t\t\t\t\t<\/div>\n\t\t\t\t\t\t\t\t\t\t\t\t\t\t\t\t\t\t\t\t\t\t\t\t\t\t\t\t\t\t<div  data-field-id=\"input_box_1655492060\" class=\"ur-field-item field-text \">\n\t\t\t\t\t\t\t\t\t\t\t\t\t\t<div class=\"form-row validate-required\" id=\"input_box_1655492060_field\" data-priority=\"\" ><label for=\"input_box_1655492060\" class=\"ur-label\">V\u00e4litt\u00e4j\u00e4tunnus <abbr class=\"required\" title=\"required\">*<\/abbr><\/label> <span class=\"input-wrapper\"> <input data-rules=\"\" data-id=\"input_box_1655492060\" type=\"text\" class=\"input-text  input-text ur-frontend-field  \" name=\"input_box_1655492060\" id=\"input_box_1655492060\" placeholder=\"\"  value=\"\" required=\"required\" data-label=\"V\u00e4litt\u00e4j\u00e4tunnus\" maxlength=\"50\" \/> <\/span> <\/div>\t\t\t\t\t\t\t\t\t\t\t\t\t\t\t\t<\/div>\n\t\t\t\t\t\t\t\t\t\t\t\t\t\t\t\t\t\t\t\t\t\t\t\t\t\t\t\t\t\t<div  data-field-id=\"user_email\" class=\"ur-field-item field-user_email \">\n\t\t\t\t\t\t\t\t\t\t\t\t\t\t<div class=\"form-row validate-required\" id=\"user_email_field\" data-priority=\"\" ><label for=\"user_email\" class=\"ur-label\">S\u00e4hk\u00f6postiosoite <abbr class=\"required\" title=\"required\">*<\/abbr><\/label> <span class=\"input-wrapper\"> <input data-rules=\"\" data-id=\"user_email\" type=\"email\" class=\"input-text  input-email ur-frontend-field  \" name=\"user_email\" id=\"user_email\" placeholder=\"\"  value=\"\" required=\"required\" data-label=\"S\u00e4hk\u00f6postiosoite\" \/> <\/span> <\/div>\t\t\t\t\t\t\t\t\t\t\t\t\t\t\t\t<\/div>\n\t\t\t\t\t\t\t\t\t\t\t\t\t\t\t\t\t\t\t\t\t\t\t\t\t\t\t\t\t\t<div  data-field-id=\"input_box_1655492205\" class=\"ur-field-item field-text \">\n\t\t\t\t\t\t\t\t\t\t\t\t\t\t<div class=\"form-row validate-required\" id=\"input_box_1655492205_field\" data-priority=\"\" ><label for=\"input_box_1655492205\" class=\"ur-label\">Postinumero ja toimipaikka <abbr class=\"required\" title=\"required\">*<\/abbr><\/label> <span class=\"input-wrapper\"> <input data-rules=\"\" data-id=\"input_box_1655492205\" type=\"text\" class=\"input-text  input-text ur-frontend-field  \" name=\"input_box_1655492205\" id=\"input_box_1655492205\" placeholder=\"\"  value=\"\" required=\"required\" data-label=\"Postinumero ja toimipaikka\" maxlength=\"50\" \/> <\/span> <\/div>\t\t\t\t\t\t\t\t\t\t\t\t\t\t\t\t<\/div>\n\t\t\t\t\t\t\t\t\t\t\t\t\t\t\t\t\t\t\t\t\t\t\t\t\t\t\t\t\t\t<div  data-field-id=\"user_pass\" class=\"ur-field-item field-user_pass \">\n\t\t\t\t\t\t\t\t\t\t\t\t\t\t<div class=\"form-row validate-required hide_show_password\" id=\"user_pass_field\" data-priority=\"\"><label for=\"user_pass\" class=\"ur-label\">Salasana <abbr class=\"required\" title=\"required\">*<\/abbr><\/label> <span class=\"input-wrapper\"> <span class=\"password-input-group input-form-field-icons\"><input data-rules=\"\" data-id=\"user_pass\" type=\"password\" class=\"input-text  input-password ur-frontend-field  \" name=\"user_pass\" id=\"user_pass\" placeholder=\"\"  value=\"\" required=\"required\" data-label=\"Salasana\" \/><\/span> <\/span> <\/div>\t\t\t\t\t\t\t\t\t\t\t\t\t\t\t\t<\/div>\n\t\t\t\t\t\t\t\t\t\t\t\t\t\t\t\t\t\t\t\t\t\t\t\t\t\t\t\t\t\t<div  data-field-id=\"user_confirm_password\" class=\"ur-field-item field-user_confirm_password \">\n\t\t\t\t\t\t\t\t\t\t\t\t\t\t<div class=\"form-row validate-required hide_show_password\" id=\"user_confirm_password_field\" data-priority=\"\"><label for=\"user_confirm_password\" class=\"ur-label\">Vahvista salasana <abbr class=\"required\" title=\"required\">*<\/abbr><\/label> <span class=\"input-wrapper\"> <span class=\"password-input-group input-form-field-icons\"><input data-rules=\"\" data-id=\"user_confirm_password\" type=\"password\" class=\"input-text  input-password ur-frontend-field  \" name=\"user_confirm_password\" id=\"user_confirm_password\" placeholder=\"\"  value=\"\" required=\"required\" data-label=\"Vahvista salasana\" \/><\/span> <\/span> <\/div>\t\t\t\t\t\t\t\t\t\t\t\t\t\t\t\t<\/div>\n\t\t\t\t\t\t\t\t\t\t\t\t\t\t\t\t\t\t\t\t\t\t\t\t\t<\/div>\n\t\t\t\t\t\t\t\t\t\t\t\t\t\t\t\t\t<\/div>\n\t\t\t\t\t\t\t\t\t\t\t\t<div class='ur-form-row'>\n\t\t\t\t\t\t\t\t\t\t\t\t\t\t\t\t\t\t<div class=\"ur-form-grid ur-grid-1\"\n\t\t\t\t\t\t\t\t\t\t\t\tstyle=\"width:99%\">\n\t\t\t\t\t\t\t\t\t\t\t\t\t\t\t\t\t\t\t\t\t\t\t\t\t\t<div  data-field-id=\"check_box_1669201001\" class=\"ur-field-item field-checkbox \">\n\t\t\t\t\t\t\t\t\t\t\t\t\t\t<div class=\"form-row validate-required\" id=\"check_box_1669201001_field\" data-priority=\"\" ><label class=\"ur-label\" required=\"required\" data-label=\"K\u00e4ytt\u00f6ehtojen hyv\u00e4ksyminen\">K\u00e4ytt\u00f6ehtojen hyv\u00e4ksyminen <abbr class=\"required\" title=\"required\">*<\/abbr><\/label><ul ><li class=\"ur-checkbox-list\"><input data-rules=\"\" data-id=\"check_box_1669201001\" required=\"required\" data-label=\"K\u00e4ytt\u00f6ehtojen hyv\u00e4ksyminen\" data-value=\"Olen lukenut ja hyv\u00e4ksyn Iisishopping k\u00e4ytt\u00f6ehdot\" type=\"checkbox\" class=\"input-checkbox ur-frontend-field  \" name=\"check_box_1669201001[]\" id=\"check_box_1669201001_Olen lukenut ja hyv\u00e4ksyn Iisishopping k\u00e4ytt\u00f6ehdot\" value=\"Olen lukenut ja hyv\u00e4ksyn Iisishopping k\u00e4ytt\u00f6ehdot\" \/><label class=\"ur-checkbox-label\" for=\"check_box_1669201001_Olen lukenut ja hyv\u00e4ksyn Iisishopping k\u00e4ytt\u00f6ehdot\">Olen lukenut ja hyv\u00e4ksyn <a href=\"https:\/\/secret.iisilogistiikka.fi\/shop\/kayttoehdot\/\">Iisishopping k\u00e4ytt\u00f6ehdot<\/a><\/label> <\/li><\/ul><\/div>\t\t\t\t\t\t\t\t\t\t\t\t\t\t\t\t<\/div>\n\t\t\t\t\t\t\t\t\t\t\t\t\t\t\t\t\t\t\t\t\t\t\t\t\t<\/div>\n\t\t\t\t\t\t\t\t\t\t\t\t\t\t\t\t\t<\/div>\n\t\t\t\t\t\t\t\t\t\t\t\t\t\t\t\t\t<div class=\"ur-button-container \" >\n\t\t\t\t\t\t\t\t\t\t\t\t\t\t<button type=\"submit\" class=\"btn button ur-submit-button \" conditional_rules=\"&quot;&quot;\">\n\t\t\t\t\t\t\t\t<span><\/span>\n\t\t\t\t\t\t\t\tL\u00e4het\u00e4\t\t\t\t\t\t\t<\/button>\n\t\t\t\t\t\t\t\t\t\t\t\t\t\t\t\t\t\t\t\t<\/div>\n\t\t\t\t\t\t\n\t\t\t\t<div style=\"clear:both\"><\/div>\n\t\t\t\t\t\t\t\t<input type=\"hidden\" name=\"ur-user-form-id\" value=\"59\"\/>\n\t\t\t\t<input type=\"hidden\" name=\"ur-redirect-url\" value=\"\"\/>\n\t\t\t\t<input type=\"hidden\" id=\"ur_frontend_form_nonce\" name=\"ur_frontend_form_nonce\" value=\"d3503a49ce\" \/>\n\t\t\t\t\t\t\t<\/form>\n\t\t\t\n\t\t<div style=\"clear:both\"><\/div>\n\t<\/div>\n\n","protected":false},"excerpt":{"rendered":"","protected":false},"author":1,"featured_media":0,"parent":0,"menu_order":0,"comment_status":"closed","ping_status":"closed","template":"","meta":{"footnotes":""},"yoast_head":"<!-- This site is optimized with the Yoast SEO plugin v21.5 - https:\/\/yoast.com\/wordpress\/plugins\/seo\/ -->\n<title>Rekister\u00f6idy - Iisishopping<\/title>\n<meta name=\"robots\" content=\"index, follow, max-snippet:-1, max-image-preview:large, max-video-preview:-1\" \/>\n<link rel=\"canonical\" href=\"https:\/\/secret.iisilogistiikka.fi\/shop\/rekisteroidy\/\" \/>\n<meta property=\"og:locale\" content=\"fi_FI\" \/>\n<meta property=\"og:type\" content=\"article\" \/>\n<meta property=\"og:title\" content=\"Rekister\u00f6idy - Iisishopping\" \/>\n<meta property=\"og:url\" content=\"https:\/\/secret.iisilogistiikka.fi\/shop\/rekisteroidy\/\" \/>\n<meta property=\"og:site_name\" content=\"Iisishopping\" \/>\n<meta property=\"article:publisher\" content=\"https:\/\/www.facebook.com\/iisilogistiikka\" \/>\n<meta property=\"article:modified_time\" content=\"2022-10-14T10:31:34+00:00\" \/>\n<meta name=\"twitter:card\" content=\"summary_large_image\" \/>\n<script type=\"application\/ld+json\" class=\"yoast-schema-graph\">{\"@context\":\"https:\/\/schema.org\",\"@graph\":[{\"@type\":\"WebPage\",\"@id\":\"https:\/\/secret.iisilogistiikka.fi\/shop\/rekisteroidy\/\",\"url\":\"https:\/\/secret.iisilogistiikka.fi\/shop\/rekisteroidy\/\",\"name\":\"Rekister\u00f6idy - Iisishopping\",\"isPartOf\":{\"@id\":\"https:\/\/secret.iisilogistiikka.fi\/shop\/#website\"},\"datePublished\":\"2022-06-17T19:39:07+00:00\",\"dateModified\":\"2022-10-14T10:31:34+00:00\",\"breadcrumb\":{\"@id\":\"https:\/\/secret.iisilogistiikka.fi\/shop\/rekisteroidy\/#breadcrumb\"},\"inLanguage\":\"fi\",\"potentialAction\":[{\"@type\":\"ReadAction\",\"target\":[\"https:\/\/secret.iisilogistiikka.fi\/shop\/rekisteroidy\/\"]}]},{\"@type\":\"BreadcrumbList\",\"@id\":\"https:\/\/secret.iisilogistiikka.fi\/shop\/rekisteroidy\/#breadcrumb\",\"itemListElement\":[{\"@type\":\"ListItem\",\"position\":1,\"name\":\"Etusivu\",\"item\":\"https:\/\/secret.iisilogistiikka.fi\/shop\/\"},{\"@type\":\"ListItem\",\"position\":2,\"name\":\"Rekister\u00f6idy\"}]},{\"@type\":\"WebSite\",\"@id\":\"https:\/\/secret.iisilogistiikka.fi\/shop\/#website\",\"url\":\"https:\/\/secret.iisilogistiikka.fi\/shop\/\",\"name\":\"Iisishopping\",\"description\":\"B2B tukkukauppa kaupoille ja yrityksille\",\"publisher\":{\"@id\":\"https:\/\/secret.iisilogistiikka.fi\/shop\/#organization\"},\"potentialAction\":[{\"@type\":\"SearchAction\",\"target\":{\"@type\":\"EntryPoint\",\"urlTemplate\":\"https:\/\/secret.iisilogistiikka.fi\/shop\/?s={search_term_string}\"},\"query-input\":\"required name=search_term_string\"}],\"inLanguage\":\"fi\"},{\"@type\":\"Organization\",\"@id\":\"https:\/\/secret.iisilogistiikka.fi\/shop\/#organization\",\"name\":\"Iisishopping\",\"url\":\"https:\/\/secret.iisilogistiikka.fi\/shop\/\",\"logo\":{\"@type\":\"ImageObject\",\"inLanguage\":\"fi\",\"@id\":\"https:\/\/secret.iisilogistiikka.fi\/shop\/#\/schema\/logo\/image\/\",\"url\":\"https:\/\/secret.iisilogistiikka.fi\/shop\/wp-content\/uploads\/2022\/06\/cropped-iisishopping.png\",\"contentUrl\":\"https:\/\/secret.iisilogistiikka.fi\/shop\/wp-content\/uploads\/2022\/06\/cropped-iisishopping.png\",\"width\":1500,\"height\":750,\"caption\":\"Iisishopping\"},\"image\":{\"@id\":\"https:\/\/secret.iisilogistiikka.fi\/shop\/#\/schema\/logo\/image\/\"},\"sameAs\":[\"https:\/\/www.facebook.com\/iisilogistiikka\"]}]}<\/script>\n<!-- \/ Yoast SEO plugin. -->","yoast_head_json":{"title":"Rekister\u00f6idy - Iisishopping","robots":{"index":"index","follow":"follow","max-snippet":"max-snippet:-1","max-image-preview":"max-image-preview:large","max-video-preview":"max-video-preview:-1"},"canonical":"https:\/\/secret.iisilogistiikka.fi\/shop\/rekisteroidy\/","og_locale":"fi_FI","og_type":"article","og_title":"Rekister\u00f6idy - Iisishopping","og_url":"https:\/\/secret.iisilogistiikka.fi\/shop\/rekisteroidy\/","og_site_name":"Iisishopping","article_publisher":"https:\/\/www.facebook.com\/iisilogistiikka","article_modified_time":"2022-10-14T10:31:34+00:00","twitter_card":"summary_large_image","schema":{"@context":"https:\/\/schema.org","@graph":[{"@type":"WebPage","@id":"https:\/\/secret.iisilogistiikka.fi\/shop\/rekisteroidy\/","url":"https:\/\/secret.iisilogistiikka.fi\/shop\/rekisteroidy\/","name":"Rekister\u00f6idy - Iisishopping","isPartOf":{"@id":"https:\/\/secret.iisilogistiikka.fi\/shop\/#website"},"datePublished":"2022-06-17T19:39:07+00:00","dateModified":"2022-10-14T10:31:34+00:00","breadcrumb":{"@id":"https:\/\/secret.iisilogistiikka.fi\/shop\/rekisteroidy\/#breadcrumb"},"inLanguage":"fi","potentialAction":[{"@type":"ReadAction","target":["https:\/\/secret.iisilogistiikka.fi\/shop\/rekisteroidy\/"]}]},{"@type":"BreadcrumbList","@id":"https:\/\/secret.iisilogistiikka.fi\/shop\/rekisteroidy\/#breadcrumb","itemListElement":[{"@type":"ListItem","position":1,"name":"Etusivu","item":"https:\/\/secret.iisilogistiikka.fi\/shop\/"},{"@type":"ListItem","position":2,"name":"Rekister\u00f6idy"}]},{"@type":"WebSite","@id":"https:\/\/secret.iisilogistiikka.fi\/shop\/#website","url":"https:\/\/secret.iisilogistiikka.fi\/shop\/","name":"Iisishopping","description":"B2B tukkukauppa kaupoille ja yrityksille","publisher":{"@id":"https:\/\/secret.iisilogistiikka.fi\/shop\/#organization"},"potentialAction":[{"@type":"SearchAction","target":{"@type":"EntryPoint","urlTemplate":"https:\/\/secret.iisilogistiikka.fi\/shop\/?s={search_term_string}"},"query-input":"required name=search_term_string"}],"inLanguage":"fi"},{"@type":"Organization","@id":"https:\/\/secret.iisilogistiikka.fi\/shop\/#organization","name":"Iisishopping","url":"https:\/\/secret.iisilogistiikka.fi\/shop\/","logo":{"@type":"ImageObject","inLanguage":"fi","@id":"https:\/\/secret.iisilogistiikka.fi\/shop\/#\/schema\/logo\/image\/","url":"https:\/\/secret.iisilogistiikka.fi\/shop\/wp-content\/uploads\/2022\/06\/cropped-iisishopping.png","contentUrl":"https:\/\/secret.iisilogistiikka.fi\/shop\/wp-content\/uploads\/2022\/06\/cropped-iisishopping.png","width":1500,"height":750,"caption":"Iisishopping"},"image":{"@id":"https:\/\/secret.iisilogistiikka.fi\/shop\/#\/schema\/logo\/image\/"},"sameAs":["https:\/\/www.facebook.com\/iisilogistiikka"]}]}},"jetpack_sharing_enabled":true,"_links":{"self":[{"href":"https:\/\/secret.iisilogistiikka.fi\/shop\/wp-json\/wp\/v2\/pages\/62"}],"collection":[{"href":"https:\/\/secret.iisilogistiikka.fi\/shop\/wp-json\/wp\/v2\/pages"}],"about":[{"href":"https:\/\/secret.iisilogistiikka.fi\/shop\/wp-json\/wp\/v2\/types\/page"}],"author":[{"embeddable":true,"href":"https:\/\/secret.iisilogistiikka.fi\/shop\/wp-json\/wp\/v2\/users\/1"}],"replies":[{"embeddable":true,"href":"https:\/\/secret.iisilogistiikka.fi\/shop\/wp-json\/wp\/v2\/comments?post=62"}],"version-history":[{"count":6,"href":"https:\/\/secret.iisilogistiikka.fi\/shop\/wp-json\/wp\/v2\/pages\/62\/revisions"}],"predecessor-version":[{"id":276,"href":"https:\/\/secret.iisilogistiikka.fi\/shop\/wp-json\/wp\/v2\/pages\/62\/revisions\/276"}],"wp:attachment":[{"href":"https:\/\/secret.iisilogistiikka.fi\/shop\/wp-json\/wp\/v2\/media?parent=62"}],"curies":[{"name":"wp","href":"https:\/\/api.w.org\/{rel}","templated":true}]}}