{"id":483,"date":"2022-11-07T11:43:03","date_gmt":"2022-11-07T09:43:03","guid":{"rendered":"https:\/\/secret.iisilogistiikka.fi\/shop\/?post_type=product&#038;p=483"},"modified":"2023-05-31T14:09:55","modified_gmt":"2023-05-31T11:09:55","slug":"clean-drink-omena-ja-paaryna-033-l","status":"publish","type":"product","link":"https:\/\/secret.iisilogistiikka.fi\/shop\/tuote\/clean-drink-omena-ja-paaryna-033-l\/","title":{"rendered":"Clean drink &#8211; Omena ja P\u00e4\u00e4ryn\u00e4 0,33 l"},"content":{"rendered":"<p>Suomessa valmistettu puhdas\u00a0 funktionaalinen juoma (BCAA-juoma).<\/p>\n<p>Sis\u00e4lt\u00e4\u00e4 vitamiineja ja mineraaleja ilman lis\u00e4aineita, sokeria tai tauriinia.<\/p>\n<p>Markkinoiden vastuullisin juoma kategoriassaan.<\/p>\n<p>Tuotanto on t\u00e4ysin fossiilitonta.<\/p>\n<p><strong>Tuoteominaisuudet:<\/strong> Ei lis\u00e4tty\u00e4 sokeria, Ekologinen, Gluteeniton, Kosher, Laktoositon, Lis\u00e4aineeton, Luonnonmukainen, Sokeriton, Tehty Suomessa, Vegaaninen, V\u00e4riaineeton<\/p>\n<p><strong>Myyntier\u00e4:<\/strong> 24 t\u00f6lkki\u00e4<\/p>\n","protected":false},"excerpt":{"rendered":"<p>Clean drink &#8211; Omena ja P\u00e4\u00e4ryn\u00e4 sis\u00e4lt\u00e4\u00e4 vitamiineja ja mineraaleja ilman lis\u00e4aineita, sokeria tai tauriinia. Markkinoiden vastuullisin juoma kategoriassaan.<\/p>\n","protected":false},"featured_media":484,"comment_status":"open","ping_status":"closed","template":"","meta":[],"product_cat":[35],"product_tag":[90,89,88,100],"yoast_head":"<!-- This site is optimized with the Yoast SEO plugin v21.5 - https:\/\/yoast.com\/wordpress\/plugins\/seo\/ -->\n<title>Clean drink - Omena ja P\u00e4\u00e4ryn\u00e4 0,33 l - Iisishopping<\/title>\n<meta name=\"description\" content=\"Clean drink - Omena ja P\u00e4\u00e4ryn\u00e4 sis\u00e4lt\u00e4\u00e4 vitamiineja ja mineraaleja ilman lis\u00e4aineita, sokeria tai tauriinia. Markkinoiden vastuullisin juoma kategoriassaan.\u00a0\" \/>\n<meta name=\"robots\" content=\"index, follow, max-snippet:-1, max-image-preview:large, max-video-preview:-1\" \/>\n<link rel=\"canonical\" href=\"https:\/\/secret.iisilogistiikka.fi\/shop\/tuote\/clean-drink-omena-ja-paaryna-033-l\/\" \/>\n<meta property=\"og:locale\" content=\"fi_FI\" \/>\n<meta property=\"og:type\" content=\"article\" \/>\n<meta property=\"og:title\" content=\"Clean drink - Omena ja P\u00e4\u00e4ryn\u00e4 0,33 l - Iisishopping\" \/>\n<meta property=\"og:description\" content=\"Clean drink - Omena ja P\u00e4\u00e4ryn\u00e4 sis\u00e4lt\u00e4\u00e4 vitamiineja ja mineraaleja ilman lis\u00e4aineita, sokeria tai tauriinia. Markkinoiden vastuullisin juoma kategoriassaan.\u00a0\" \/>\n<meta property=\"og:url\" content=\"https:\/\/secret.iisilogistiikka.fi\/shop\/tuote\/clean-drink-omena-ja-paaryna-033-l\/\" \/>\n<meta property=\"og:site_name\" content=\"Iisishopping\" \/>\n<meta property=\"article:publisher\" content=\"https:\/\/www.facebook.com\/iisilogistiikka\" \/>\n<meta property=\"article:modified_time\" content=\"2023-05-31T11:09:55+00:00\" \/>\n<meta property=\"og:image\" content=\"https:\/\/secret.iisilogistiikka.fi\/shop\/wp-content\/uploads\/2022\/11\/apple_paron_produkt.png\" \/>\n\t<meta property=\"og:image:width\" content=\"187\" \/>\n\t<meta property=\"og:image:height\" content=\"500\" \/>\n\t<meta property=\"og:image:type\" content=\"image\/png\" \/>\n<meta name=\"twitter:card\" content=\"summary_large_image\" \/>\n<meta name=\"twitter:label1\" content=\"Arvioitu lukuaika\" \/>\n\t<meta name=\"twitter:data1\" content=\"1 minuutti\" \/>\n<script type=\"application\/ld+json\" class=\"yoast-schema-graph\">{\"@context\":\"https:\/\/schema.org\",\"@graph\":[{\"@type\":\"WebPage\",\"@id\":\"https:\/\/secret.iisilogistiikka.fi\/shop\/tuote\/clean-drink-omena-ja-paaryna-033-l\/\",\"url\":\"https:\/\/secret.iisilogistiikka.fi\/shop\/tuote\/clean-drink-omena-ja-paaryna-033-l\/\",\"name\":\"Clean drink - Omena ja P\u00e4\u00e4ryn\u00e4 0,33 l - Iisishopping\",\"isPartOf\":{\"@id\":\"https:\/\/secret.iisilogistiikka.fi\/shop\/#website\"},\"datePublished\":\"2022-11-07T09:43:03+00:00\",\"dateModified\":\"2023-05-31T11:09:55+00:00\",\"description\":\"Clean drink - Omena ja P\u00e4\u00e4ryn\u00e4 sis\u00e4lt\u00e4\u00e4 vitamiineja ja mineraaleja ilman lis\u00e4aineita, sokeria tai tauriinia. Markkinoiden vastuullisin juoma kategoriassaan.\u00a0\",\"breadcrumb\":{\"@id\":\"https:\/\/secret.iisilogistiikka.fi\/shop\/tuote\/clean-drink-omena-ja-paaryna-033-l\/#breadcrumb\"},\"inLanguage\":\"fi\",\"potentialAction\":[{\"@type\":\"ReadAction\",\"target\":[\"https:\/\/secret.iisilogistiikka.fi\/shop\/tuote\/clean-drink-omena-ja-paaryna-033-l\/\"]}]},{\"@type\":\"BreadcrumbList\",\"@id\":\"https:\/\/secret.iisilogistiikka.fi\/shop\/tuote\/clean-drink-omena-ja-paaryna-033-l\/#breadcrumb\",\"itemListElement\":[{\"@type\":\"ListItem\",\"position\":1,\"name\":\"Etusivu\",\"item\":\"https:\/\/secret.iisilogistiikka.fi\/shop\/\"},{\"@type\":\"ListItem\",\"position\":2,\"name\":\"Kauppa\",\"item\":\"https:\/\/secret.iisilogistiikka.fi\/shop\/kauppa\/\"},{\"@type\":\"ListItem\",\"position\":3,\"name\":\"Clean drink &#8211; Omena ja P\u00e4\u00e4ryn\u00e4 0,33 l\"}]},{\"@type\":\"WebSite\",\"@id\":\"https:\/\/secret.iisilogistiikka.fi\/shop\/#website\",\"url\":\"https:\/\/secret.iisilogistiikka.fi\/shop\/\",\"name\":\"Iisishopping\",\"description\":\"B2B tukkukauppa kaupoille ja yrityksille\",\"publisher\":{\"@id\":\"https:\/\/secret.iisilogistiikka.fi\/shop\/#organization\"},\"potentialAction\":[{\"@type\":\"SearchAction\",\"target\":{\"@type\":\"EntryPoint\",\"urlTemplate\":\"https:\/\/secret.iisilogistiikka.fi\/shop\/?s={search_term_string}\"},\"query-input\":\"required name=search_term_string\"}],\"inLanguage\":\"fi\"},{\"@type\":\"Organization\",\"@id\":\"https:\/\/secret.iisilogistiikka.fi\/shop\/#organization\",\"name\":\"Iisishopping\",\"url\":\"https:\/\/secret.iisilogistiikka.fi\/shop\/\",\"logo\":{\"@type\":\"ImageObject\",\"inLanguage\":\"fi\",\"@id\":\"https:\/\/secret.iisilogistiikka.fi\/shop\/#\/schema\/logo\/image\/\",\"url\":\"https:\/\/secret.iisilogistiikka.fi\/shop\/wp-content\/uploads\/2022\/06\/cropped-iisishopping.png\",\"contentUrl\":\"https:\/\/secret.iisilogistiikka.fi\/shop\/wp-content\/uploads\/2022\/06\/cropped-iisishopping.png\",\"width\":1500,\"height\":750,\"caption\":\"Iisishopping\"},\"image\":{\"@id\":\"https:\/\/secret.iisilogistiikka.fi\/shop\/#\/schema\/logo\/image\/\"},\"sameAs\":[\"https:\/\/www.facebook.com\/iisilogistiikka\"]}]}<\/script>\n<!-- \/ Yoast SEO plugin. -->","yoast_head_json":{"title":"Clean drink - Omena ja P\u00e4\u00e4ryn\u00e4 0,33 l - Iisishopping","description":"Clean drink - Omena ja P\u00e4\u00e4ryn\u00e4 sis\u00e4lt\u00e4\u00e4 vitamiineja ja mineraaleja ilman lis\u00e4aineita, sokeria tai tauriinia. Markkinoiden vastuullisin juoma kategoriassaan.\u00a0","robots":{"index":"index","follow":"follow","max-snippet":"max-snippet:-1","max-image-preview":"max-image-preview:large","max-video-preview":"max-video-preview:-1"},"canonical":"https:\/\/secret.iisilogistiikka.fi\/shop\/tuote\/clean-drink-omena-ja-paaryna-033-l\/","og_locale":"fi_FI","og_type":"article","og_title":"Clean drink - Omena ja P\u00e4\u00e4ryn\u00e4 0,33 l - Iisishopping","og_description":"Clean drink - Omena ja P\u00e4\u00e4ryn\u00e4 sis\u00e4lt\u00e4\u00e4 vitamiineja ja mineraaleja ilman lis\u00e4aineita, sokeria tai tauriinia. Markkinoiden vastuullisin juoma kategoriassaan.\u00a0","og_url":"https:\/\/secret.iisilogistiikka.fi\/shop\/tuote\/clean-drink-omena-ja-paaryna-033-l\/","og_site_name":"Iisishopping","article_publisher":"https:\/\/www.facebook.com\/iisilogistiikka","article_modified_time":"2023-05-31T11:09:55+00:00","og_image":[{"width":187,"height":500,"url":"https:\/\/secret.iisilogistiikka.fi\/shop\/wp-content\/uploads\/2022\/11\/apple_paron_produkt.png","type":"image\/png"}],"twitter_card":"summary_large_image","twitter_misc":{"Arvioitu lukuaika":"1 minuutti"},"schema":{"@context":"https:\/\/schema.org","@graph":[{"@type":"WebPage","@id":"https:\/\/secret.iisilogistiikka.fi\/shop\/tuote\/clean-drink-omena-ja-paaryna-033-l\/","url":"https:\/\/secret.iisilogistiikka.fi\/shop\/tuote\/clean-drink-omena-ja-paaryna-033-l\/","name":"Clean drink - Omena ja P\u00e4\u00e4ryn\u00e4 0,33 l - Iisishopping","isPartOf":{"@id":"https:\/\/secret.iisilogistiikka.fi\/shop\/#website"},"datePublished":"2022-11-07T09:43:03+00:00","dateModified":"2023-05-31T11:09:55+00:00","description":"Clean drink - Omena ja P\u00e4\u00e4ryn\u00e4 sis\u00e4lt\u00e4\u00e4 vitamiineja ja mineraaleja ilman lis\u00e4aineita, sokeria tai tauriinia. Markkinoiden vastuullisin juoma kategoriassaan.\u00a0","breadcrumb":{"@id":"https:\/\/secret.iisilogistiikka.fi\/shop\/tuote\/clean-drink-omena-ja-paaryna-033-l\/#breadcrumb"},"inLanguage":"fi","potentialAction":[{"@type":"ReadAction","target":["https:\/\/secret.iisilogistiikka.fi\/shop\/tuote\/clean-drink-omena-ja-paaryna-033-l\/"]}]},{"@type":"BreadcrumbList","@id":"https:\/\/secret.iisilogistiikka.fi\/shop\/tuote\/clean-drink-omena-ja-paaryna-033-l\/#breadcrumb","itemListElement":[{"@type":"ListItem","position":1,"name":"Etusivu","item":"https:\/\/secret.iisilogistiikka.fi\/shop\/"},{"@type":"ListItem","position":2,"name":"Kauppa","item":"https:\/\/secret.iisilogistiikka.fi\/shop\/kauppa\/"},{"@type":"ListItem","position":3,"name":"Clean drink &#8211; Omena ja P\u00e4\u00e4ryn\u00e4 0,33 l"}]},{"@type":"WebSite","@id":"https:\/\/secret.iisilogistiikka.fi\/shop\/#website","url":"https:\/\/secret.iisilogistiikka.fi\/shop\/","name":"Iisishopping","description":"B2B tukkukauppa kaupoille ja yrityksille","publisher":{"@id":"https:\/\/secret.iisilogistiikka.fi\/shop\/#organization"},"potentialAction":[{"@type":"SearchAction","target":{"@type":"EntryPoint","urlTemplate":"https:\/\/secret.iisilogistiikka.fi\/shop\/?s={search_term_string}"},"query-input":"required name=search_term_string"}],"inLanguage":"fi"},{"@type":"Organization","@id":"https:\/\/secret.iisilogistiikka.fi\/shop\/#organization","name":"Iisishopping","url":"https:\/\/secret.iisilogistiikka.fi\/shop\/","logo":{"@type":"ImageObject","inLanguage":"fi","@id":"https:\/\/secret.iisilogistiikka.fi\/shop\/#\/schema\/logo\/image\/","url":"https:\/\/secret.iisilogistiikka.fi\/shop\/wp-content\/uploads\/2022\/06\/cropped-iisishopping.png","contentUrl":"https:\/\/secret.iisilogistiikka.fi\/shop\/wp-content\/uploads\/2022\/06\/cropped-iisishopping.png","width":1500,"height":750,"caption":"Iisishopping"},"image":{"@id":"https:\/\/secret.iisilogistiikka.fi\/shop\/#\/schema\/logo\/image\/"},"sameAs":["https:\/\/www.facebook.com\/iisilogistiikka"]}]}},"jetpack_sharing_enabled":true,"_links":{"self":[{"href":"https:\/\/secret.iisilogistiikka.fi\/shop\/wp-json\/wp\/v2\/product\/483"}],"collection":[{"href":"https:\/\/secret.iisilogistiikka.fi\/shop\/wp-json\/wp\/v2\/product"}],"about":[{"href":"https:\/\/secret.iisilogistiikka.fi\/shop\/wp-json\/wp\/v2\/types\/product"}],"replies":[{"embeddable":true,"href":"https:\/\/secret.iisilogistiikka.fi\/shop\/wp-json\/wp\/v2\/comments?post=483"}],"wp:featuredmedia":[{"embeddable":true,"href":"https:\/\/secret.iisilogistiikka.fi\/shop\/wp-json\/wp\/v2\/media\/484"}],"wp:attachment":[{"href":"https:\/\/secret.iisilogistiikka.fi\/shop\/wp-json\/wp\/v2\/media?parent=483"}],"wp:term":[{"taxonomy":"product_cat","embeddable":true,"href":"https:\/\/secret.iisilogistiikka.fi\/shop\/wp-json\/wp\/v2\/product_cat?post=483"},{"taxonomy":"product_tag","embeddable":true,"href":"https:\/\/secret.iisilogistiikka.fi\/shop\/wp-json\/wp\/v2\/product_tag?post=483"}],"curies":[{"name":"wp","href":"https:\/\/api.w.org\/{rel}","templated":true}]}}