{"id":503,"date":"2022-11-07T13:29:02","date_gmt":"2022-11-07T11:29:02","guid":{"rendered":"https:\/\/secret.iisilogistiikka.fi\/shop\/?post_type=product&#038;p=503"},"modified":"2023-05-31T12:40:17","modified_gmt":"2023-05-31T09:40:17","slug":"clean-drink-jaakaappi","status":"publish","type":"product","link":"https:\/\/secret.iisilogistiikka.fi\/shop\/tuote\/clean-drink-jaakaappi\/","title":{"rendered":"Clean drink &#8211; J\u00e4\u00e4kaappi"},"content":{"rendered":"<p>Markkinointi j\u00e4\u00e4kaappi<\/p>\n","protected":false},"excerpt":{"rendered":"<p>Markkinointi j\u00e4\u00e4kaappi<\/p>\n","protected":false},"featured_media":0,"comment_status":"open","ping_status":"closed","template":"","meta":[],"product_cat":[],"product_tag":[107,105],"yoast_head":"<!-- This site is optimized with the Yoast SEO plugin v21.5 - https:\/\/yoast.com\/wordpress\/plugins\/seo\/ -->\n<title>Clean drink - J\u00e4\u00e4kaappi - Iisishopping<\/title>\n<meta name=\"robots\" content=\"index, follow, max-snippet:-1, max-image-preview:large, max-video-preview:-1\" \/>\n<link rel=\"canonical\" href=\"https:\/\/secret.iisilogistiikka.fi\/shop\/tuote\/clean-drink-jaakaappi\/\" \/>\n<meta property=\"og:locale\" content=\"fi_FI\" \/>\n<meta property=\"og:type\" content=\"article\" \/>\n<meta property=\"og:title\" content=\"Clean drink - J\u00e4\u00e4kaappi - Iisishopping\" \/>\n<meta property=\"og:description\" content=\"Markkinointi j\u00e4\u00e4kaappi\" \/>\n<meta property=\"og:url\" content=\"https:\/\/secret.iisilogistiikka.fi\/shop\/tuote\/clean-drink-jaakaappi\/\" \/>\n<meta property=\"og:site_name\" content=\"Iisishopping\" \/>\n<meta property=\"article:publisher\" content=\"https:\/\/www.facebook.com\/iisilogistiikka\" \/>\n<meta property=\"article:modified_time\" content=\"2023-05-31T09:40:17+00:00\" \/>\n<meta name=\"twitter:card\" content=\"summary_large_image\" \/>\n<meta name=\"twitter:label1\" content=\"Arvioitu lukuaika\" \/>\n\t<meta name=\"twitter:data1\" content=\"1 minuutti\" \/>\n<script type=\"application\/ld+json\" class=\"yoast-schema-graph\">{\"@context\":\"https:\/\/schema.org\",\"@graph\":[{\"@type\":\"WebPage\",\"@id\":\"https:\/\/secret.iisilogistiikka.fi\/shop\/tuote\/clean-drink-jaakaappi\/\",\"url\":\"https:\/\/secret.iisilogistiikka.fi\/shop\/tuote\/clean-drink-jaakaappi\/\",\"name\":\"Clean drink - J\u00e4\u00e4kaappi - Iisishopping\",\"isPartOf\":{\"@id\":\"https:\/\/secret.iisilogistiikka.fi\/shop\/#website\"},\"datePublished\":\"2022-11-07T11:29:02+00:00\",\"dateModified\":\"2023-05-31T09:40:17+00:00\",\"breadcrumb\":{\"@id\":\"https:\/\/secret.iisilogistiikka.fi\/shop\/tuote\/clean-drink-jaakaappi\/#breadcrumb\"},\"inLanguage\":\"fi\",\"potentialAction\":[{\"@type\":\"ReadAction\",\"target\":[\"https:\/\/secret.iisilogistiikka.fi\/shop\/tuote\/clean-drink-jaakaappi\/\"]}]},{\"@type\":\"BreadcrumbList\",\"@id\":\"https:\/\/secret.iisilogistiikka.fi\/shop\/tuote\/clean-drink-jaakaappi\/#breadcrumb\",\"itemListElement\":[{\"@type\":\"ListItem\",\"position\":1,\"name\":\"Etusivu\",\"item\":\"https:\/\/secret.iisilogistiikka.fi\/shop\/\"},{\"@type\":\"ListItem\",\"position\":2,\"name\":\"Kauppa\",\"item\":\"https:\/\/secret.iisilogistiikka.fi\/shop\/kauppa\/\"},{\"@type\":\"ListItem\",\"position\":3,\"name\":\"Clean drink &#8211; J\u00e4\u00e4kaappi\"}]},{\"@type\":\"WebSite\",\"@id\":\"https:\/\/secret.iisilogistiikka.fi\/shop\/#website\",\"url\":\"https:\/\/secret.iisilogistiikka.fi\/shop\/\",\"name\":\"Iisishopping\",\"description\":\"B2B tukkukauppa kaupoille ja yrityksille\",\"publisher\":{\"@id\":\"https:\/\/secret.iisilogistiikka.fi\/shop\/#organization\"},\"potentialAction\":[{\"@type\":\"SearchAction\",\"target\":{\"@type\":\"EntryPoint\",\"urlTemplate\":\"https:\/\/secret.iisilogistiikka.fi\/shop\/?s={search_term_string}\"},\"query-input\":\"required name=search_term_string\"}],\"inLanguage\":\"fi\"},{\"@type\":\"Organization\",\"@id\":\"https:\/\/secret.iisilogistiikka.fi\/shop\/#organization\",\"name\":\"Iisishopping\",\"url\":\"https:\/\/secret.iisilogistiikka.fi\/shop\/\",\"logo\":{\"@type\":\"ImageObject\",\"inLanguage\":\"fi\",\"@id\":\"https:\/\/secret.iisilogistiikka.fi\/shop\/#\/schema\/logo\/image\/\",\"url\":\"https:\/\/secret.iisilogistiikka.fi\/shop\/wp-content\/uploads\/2022\/06\/cropped-iisishopping.png\",\"contentUrl\":\"https:\/\/secret.iisilogistiikka.fi\/shop\/wp-content\/uploads\/2022\/06\/cropped-iisishopping.png\",\"width\":1500,\"height\":750,\"caption\":\"Iisishopping\"},\"image\":{\"@id\":\"https:\/\/secret.iisilogistiikka.fi\/shop\/#\/schema\/logo\/image\/\"},\"sameAs\":[\"https:\/\/www.facebook.com\/iisilogistiikka\"]}]}<\/script>\n<!-- \/ Yoast SEO plugin. -->","yoast_head_json":{"title":"Clean drink - J\u00e4\u00e4kaappi - Iisishopping","robots":{"index":"index","follow":"follow","max-snippet":"max-snippet:-1","max-image-preview":"max-image-preview:large","max-video-preview":"max-video-preview:-1"},"canonical":"https:\/\/secret.iisilogistiikka.fi\/shop\/tuote\/clean-drink-jaakaappi\/","og_locale":"fi_FI","og_type":"article","og_title":"Clean drink - J\u00e4\u00e4kaappi - Iisishopping","og_description":"Markkinointi j\u00e4\u00e4kaappi","og_url":"https:\/\/secret.iisilogistiikka.fi\/shop\/tuote\/clean-drink-jaakaappi\/","og_site_name":"Iisishopping","article_publisher":"https:\/\/www.facebook.com\/iisilogistiikka","article_modified_time":"2023-05-31T09:40:17+00:00","twitter_card":"summary_large_image","twitter_misc":{"Arvioitu lukuaika":"1 minuutti"},"schema":{"@context":"https:\/\/schema.org","@graph":[{"@type":"WebPage","@id":"https:\/\/secret.iisilogistiikka.fi\/shop\/tuote\/clean-drink-jaakaappi\/","url":"https:\/\/secret.iisilogistiikka.fi\/shop\/tuote\/clean-drink-jaakaappi\/","name":"Clean drink - J\u00e4\u00e4kaappi - Iisishopping","isPartOf":{"@id":"https:\/\/secret.iisilogistiikka.fi\/shop\/#website"},"datePublished":"2022-11-07T11:29:02+00:00","dateModified":"2023-05-31T09:40:17+00:00","breadcrumb":{"@id":"https:\/\/secret.iisilogistiikka.fi\/shop\/tuote\/clean-drink-jaakaappi\/#breadcrumb"},"inLanguage":"fi","potentialAction":[{"@type":"ReadAction","target":["https:\/\/secret.iisilogistiikka.fi\/shop\/tuote\/clean-drink-jaakaappi\/"]}]},{"@type":"BreadcrumbList","@id":"https:\/\/secret.iisilogistiikka.fi\/shop\/tuote\/clean-drink-jaakaappi\/#breadcrumb","itemListElement":[{"@type":"ListItem","position":1,"name":"Etusivu","item":"https:\/\/secret.iisilogistiikka.fi\/shop\/"},{"@type":"ListItem","position":2,"name":"Kauppa","item":"https:\/\/secret.iisilogistiikka.fi\/shop\/kauppa\/"},{"@type":"ListItem","position":3,"name":"Clean drink &#8211; J\u00e4\u00e4kaappi"}]},{"@type":"WebSite","@id":"https:\/\/secret.iisilogistiikka.fi\/shop\/#website","url":"https:\/\/secret.iisilogistiikka.fi\/shop\/","name":"Iisishopping","description":"B2B tukkukauppa kaupoille ja yrityksille","publisher":{"@id":"https:\/\/secret.iisilogistiikka.fi\/shop\/#organization"},"potentialAction":[{"@type":"SearchAction","target":{"@type":"EntryPoint","urlTemplate":"https:\/\/secret.iisilogistiikka.fi\/shop\/?s={search_term_string}"},"query-input":"required name=search_term_string"}],"inLanguage":"fi"},{"@type":"Organization","@id":"https:\/\/secret.iisilogistiikka.fi\/shop\/#organization","name":"Iisishopping","url":"https:\/\/secret.iisilogistiikka.fi\/shop\/","logo":{"@type":"ImageObject","inLanguage":"fi","@id":"https:\/\/secret.iisilogistiikka.fi\/shop\/#\/schema\/logo\/image\/","url":"https:\/\/secret.iisilogistiikka.fi\/shop\/wp-content\/uploads\/2022\/06\/cropped-iisishopping.png","contentUrl":"https:\/\/secret.iisilogistiikka.fi\/shop\/wp-content\/uploads\/2022\/06\/cropped-iisishopping.png","width":1500,"height":750,"caption":"Iisishopping"},"image":{"@id":"https:\/\/secret.iisilogistiikka.fi\/shop\/#\/schema\/logo\/image\/"},"sameAs":["https:\/\/www.facebook.com\/iisilogistiikka"]}]}},"jetpack_sharing_enabled":true,"_links":{"self":[{"href":"https:\/\/secret.iisilogistiikka.fi\/shop\/wp-json\/wp\/v2\/product\/503"}],"collection":[{"href":"https:\/\/secret.iisilogistiikka.fi\/shop\/wp-json\/wp\/v2\/product"}],"about":[{"href":"https:\/\/secret.iisilogistiikka.fi\/shop\/wp-json\/wp\/v2\/types\/product"}],"replies":[{"embeddable":true,"href":"https:\/\/secret.iisilogistiikka.fi\/shop\/wp-json\/wp\/v2\/comments?post=503"}],"wp:attachment":[{"href":"https:\/\/secret.iisilogistiikka.fi\/shop\/wp-json\/wp\/v2\/media?parent=503"}],"wp:term":[{"taxonomy":"product_cat","embeddable":true,"href":"https:\/\/secret.iisilogistiikka.fi\/shop\/wp-json\/wp\/v2\/product_cat?post=503"},{"taxonomy":"product_tag","embeddable":true,"href":"https:\/\/secret.iisilogistiikka.fi\/shop\/wp-json\/wp\/v2\/product_tag?post=503"}],"curies":[{"name":"wp","href":"https:\/\/api.w.org\/{rel}","templated":true}]}}