{"id":603,"date":"2023-05-31T10:57:05","date_gmt":"2023-05-31T07:57:05","guid":{"rendered":"https:\/\/secret.iisilogistiikka.fi\/shop\/?post_type=product&#038;p=603"},"modified":"2023-05-31T14:09:55","modified_gmt":"2023-05-31T11:09:55","slug":"clean-savd-vadelma","status":"publish","type":"product","link":"https:\/\/secret.iisilogistiikka.fi\/shop\/tuote\/clean-savd-vadelma\/","title":{"rendered":"Clean Sav:D &#8211; Vadelma 0,33l"},"content":{"rendered":"<p>Clean Sav:D &#8211; Vadelma on h\u00e4vikkihedelmist\u00e4 valmistettu puhdas\u00a0 funktionaalinen juoma.<\/p>\n<p>Sis\u00e4lt\u00e4\u00e4 vitamiineja ja mineraaleja sek\u00e4 luontaista kofeiinia 105 mg.<\/p>\n<p>Ilman lis\u00e4aineita, sokeria, sitruunahappoa tai tauriinia.<\/p>\n<p>Markkinoiden vastuullisin juoma kategoriassaan. Tuotanto on t\u00e4ysin fossiilitonta.<\/p>\n<p><strong>Tuoteominaisuudet: <\/strong>Ei lis\u00e4tty\u00e4 sokeria, Ekologinen, Gluteeniton, Kosher, Laktoositon, Luonnonmukainen, Matala GI, Soijaton, Vegaaninen, V\u00e4riaineeton<\/p>\n<p><strong>Myyntier\u00e4: 24tlk<\/strong><\/p>\n","protected":false},"excerpt":{"rendered":"<p>H\u00e4vikkihedelmist\u00e4 valmistettu hyv\u00e4n makuinen juoma, joka antaa piristyst\u00e4 p\u00e4iv\u00e4\u00e4n erinomaisella maullaan ja luonnollisella kofeiinillaan.<\/p>\n<p>Ei sis\u00e4ll\u00e4 sokeria, turhia lis\u00e4aineita,tauriinia tai sitruunahappoa. <\/p>\n<p>Hyv\u00e4nmakuinen piristys p\u00e4iv\u00e4\u00e4n<\/p>\n","protected":false},"featured_media":604,"comment_status":"open","ping_status":"closed","template":"","meta":[],"product_cat":[35],"product_tag":[89,97,119,91,95],"yoast_head":"<!-- This site is optimized with the Yoast SEO plugin v21.5 - https:\/\/yoast.com\/wordpress\/plugins\/seo\/ -->\n<title>Clean Sav:D - Vadelma 0,33l - Iisishopping<\/title>\n<meta name=\"description\" content=\"Clean Sav:D - Vadelma on h\u00e4vikkihedelmist\u00e4 valmistettu hyv\u00e4n makuinen juoma, joka antaa piristyst\u00e4 p\u00e4iv\u00e4\u00e4n maullaan ja luonnollisella kofeiinillaan.\" \/>\n<meta name=\"robots\" content=\"index, follow, max-snippet:-1, max-image-preview:large, max-video-preview:-1\" \/>\n<link rel=\"canonical\" href=\"https:\/\/secret.iisilogistiikka.fi\/shop\/tuote\/clean-savd-vadelma\/\" \/>\n<meta property=\"og:locale\" content=\"fi_FI\" \/>\n<meta property=\"og:type\" content=\"article\" \/>\n<meta property=\"og:title\" content=\"Clean Sav:D - Vadelma 0,33l - Iisishopping\" \/>\n<meta property=\"og:description\" content=\"Clean Sav:D - Vadelma on h\u00e4vikkihedelmist\u00e4 valmistettu hyv\u00e4n makuinen juoma, joka antaa piristyst\u00e4 p\u00e4iv\u00e4\u00e4n maullaan ja luonnollisella kofeiinillaan.\" \/>\n<meta property=\"og:url\" content=\"https:\/\/secret.iisilogistiikka.fi\/shop\/tuote\/clean-savd-vadelma\/\" \/>\n<meta property=\"og:site_name\" content=\"Iisishopping\" \/>\n<meta property=\"article:publisher\" content=\"https:\/\/www.facebook.com\/iisilogistiikka\" \/>\n<meta property=\"article:modified_time\" content=\"2023-05-31T11:09:55+00:00\" \/>\n<meta property=\"og:image\" content=\"https:\/\/secret.iisilogistiikka.fi\/shop\/wp-content\/uploads\/2023\/05\/saved_v.png\" \/>\n\t<meta property=\"og:image:width\" content=\"187\" \/>\n\t<meta property=\"og:image:height\" content=\"500\" \/>\n\t<meta property=\"og:image:type\" content=\"image\/png\" \/>\n<meta name=\"twitter:card\" content=\"summary_large_image\" \/>\n<meta name=\"twitter:label1\" content=\"Arvioitu lukuaika\" \/>\n\t<meta name=\"twitter:data1\" content=\"1 minuutti\" \/>\n<script type=\"application\/ld+json\" class=\"yoast-schema-graph\">{\"@context\":\"https:\/\/schema.org\",\"@graph\":[{\"@type\":\"WebPage\",\"@id\":\"https:\/\/secret.iisilogistiikka.fi\/shop\/tuote\/clean-savd-vadelma\/\",\"url\":\"https:\/\/secret.iisilogistiikka.fi\/shop\/tuote\/clean-savd-vadelma\/\",\"name\":\"Clean Sav:D - Vadelma 0,33l - Iisishopping\",\"isPartOf\":{\"@id\":\"https:\/\/secret.iisilogistiikka.fi\/shop\/#website\"},\"datePublished\":\"2023-05-31T07:57:05+00:00\",\"dateModified\":\"2023-05-31T11:09:55+00:00\",\"description\":\"Clean Sav:D - Vadelma on h\u00e4vikkihedelmist\u00e4 valmistettu hyv\u00e4n makuinen juoma, joka antaa piristyst\u00e4 p\u00e4iv\u00e4\u00e4n maullaan ja luonnollisella kofeiinillaan.\",\"breadcrumb\":{\"@id\":\"https:\/\/secret.iisilogistiikka.fi\/shop\/tuote\/clean-savd-vadelma\/#breadcrumb\"},\"inLanguage\":\"fi\",\"potentialAction\":[{\"@type\":\"ReadAction\",\"target\":[\"https:\/\/secret.iisilogistiikka.fi\/shop\/tuote\/clean-savd-vadelma\/\"]}]},{\"@type\":\"BreadcrumbList\",\"@id\":\"https:\/\/secret.iisilogistiikka.fi\/shop\/tuote\/clean-savd-vadelma\/#breadcrumb\",\"itemListElement\":[{\"@type\":\"ListItem\",\"position\":1,\"name\":\"Etusivu\",\"item\":\"https:\/\/secret.iisilogistiikka.fi\/shop\/\"},{\"@type\":\"ListItem\",\"position\":2,\"name\":\"Kauppa\",\"item\":\"https:\/\/secret.iisilogistiikka.fi\/shop\/kauppa\/\"},{\"@type\":\"ListItem\",\"position\":3,\"name\":\"Clean Sav:D &#8211; Vadelma 0,33l\"}]},{\"@type\":\"WebSite\",\"@id\":\"https:\/\/secret.iisilogistiikka.fi\/shop\/#website\",\"url\":\"https:\/\/secret.iisilogistiikka.fi\/shop\/\",\"name\":\"Iisishopping\",\"description\":\"B2B tukkukauppa kaupoille ja yrityksille\",\"publisher\":{\"@id\":\"https:\/\/secret.iisilogistiikka.fi\/shop\/#organization\"},\"potentialAction\":[{\"@type\":\"SearchAction\",\"target\":{\"@type\":\"EntryPoint\",\"urlTemplate\":\"https:\/\/secret.iisilogistiikka.fi\/shop\/?s={search_term_string}\"},\"query-input\":\"required name=search_term_string\"}],\"inLanguage\":\"fi\"},{\"@type\":\"Organization\",\"@id\":\"https:\/\/secret.iisilogistiikka.fi\/shop\/#organization\",\"name\":\"Iisishopping\",\"url\":\"https:\/\/secret.iisilogistiikka.fi\/shop\/\",\"logo\":{\"@type\":\"ImageObject\",\"inLanguage\":\"fi\",\"@id\":\"https:\/\/secret.iisilogistiikka.fi\/shop\/#\/schema\/logo\/image\/\",\"url\":\"https:\/\/secret.iisilogistiikka.fi\/shop\/wp-content\/uploads\/2022\/06\/cropped-iisishopping.png\",\"contentUrl\":\"https:\/\/secret.iisilogistiikka.fi\/shop\/wp-content\/uploads\/2022\/06\/cropped-iisishopping.png\",\"width\":1500,\"height\":750,\"caption\":\"Iisishopping\"},\"image\":{\"@id\":\"https:\/\/secret.iisilogistiikka.fi\/shop\/#\/schema\/logo\/image\/\"},\"sameAs\":[\"https:\/\/www.facebook.com\/iisilogistiikka\"]}]}<\/script>\n<!-- \/ Yoast SEO plugin. -->","yoast_head_json":{"title":"Clean Sav:D - Vadelma 0,33l - Iisishopping","description":"Clean Sav:D - Vadelma on h\u00e4vikkihedelmist\u00e4 valmistettu hyv\u00e4n makuinen juoma, joka antaa piristyst\u00e4 p\u00e4iv\u00e4\u00e4n maullaan ja luonnollisella kofeiinillaan.","robots":{"index":"index","follow":"follow","max-snippet":"max-snippet:-1","max-image-preview":"max-image-preview:large","max-video-preview":"max-video-preview:-1"},"canonical":"https:\/\/secret.iisilogistiikka.fi\/shop\/tuote\/clean-savd-vadelma\/","og_locale":"fi_FI","og_type":"article","og_title":"Clean Sav:D - Vadelma 0,33l - Iisishopping","og_description":"Clean Sav:D - Vadelma on h\u00e4vikkihedelmist\u00e4 valmistettu hyv\u00e4n makuinen juoma, joka antaa piristyst\u00e4 p\u00e4iv\u00e4\u00e4n maullaan ja luonnollisella kofeiinillaan.","og_url":"https:\/\/secret.iisilogistiikka.fi\/shop\/tuote\/clean-savd-vadelma\/","og_site_name":"Iisishopping","article_publisher":"https:\/\/www.facebook.com\/iisilogistiikka","article_modified_time":"2023-05-31T11:09:55+00:00","og_image":[{"width":187,"height":500,"url":"https:\/\/secret.iisilogistiikka.fi\/shop\/wp-content\/uploads\/2023\/05\/saved_v.png","type":"image\/png"}],"twitter_card":"summary_large_image","twitter_misc":{"Arvioitu lukuaika":"1 minuutti"},"schema":{"@context":"https:\/\/schema.org","@graph":[{"@type":"WebPage","@id":"https:\/\/secret.iisilogistiikka.fi\/shop\/tuote\/clean-savd-vadelma\/","url":"https:\/\/secret.iisilogistiikka.fi\/shop\/tuote\/clean-savd-vadelma\/","name":"Clean Sav:D - Vadelma 0,33l - Iisishopping","isPartOf":{"@id":"https:\/\/secret.iisilogistiikka.fi\/shop\/#website"},"datePublished":"2023-05-31T07:57:05+00:00","dateModified":"2023-05-31T11:09:55+00:00","description":"Clean Sav:D - Vadelma on h\u00e4vikkihedelmist\u00e4 valmistettu hyv\u00e4n makuinen juoma, joka antaa piristyst\u00e4 p\u00e4iv\u00e4\u00e4n maullaan ja luonnollisella kofeiinillaan.","breadcrumb":{"@id":"https:\/\/secret.iisilogistiikka.fi\/shop\/tuote\/clean-savd-vadelma\/#breadcrumb"},"inLanguage":"fi","potentialAction":[{"@type":"ReadAction","target":["https:\/\/secret.iisilogistiikka.fi\/shop\/tuote\/clean-savd-vadelma\/"]}]},{"@type":"BreadcrumbList","@id":"https:\/\/secret.iisilogistiikka.fi\/shop\/tuote\/clean-savd-vadelma\/#breadcrumb","itemListElement":[{"@type":"ListItem","position":1,"name":"Etusivu","item":"https:\/\/secret.iisilogistiikka.fi\/shop\/"},{"@type":"ListItem","position":2,"name":"Kauppa","item":"https:\/\/secret.iisilogistiikka.fi\/shop\/kauppa\/"},{"@type":"ListItem","position":3,"name":"Clean Sav:D &#8211; Vadelma 0,33l"}]},{"@type":"WebSite","@id":"https:\/\/secret.iisilogistiikka.fi\/shop\/#website","url":"https:\/\/secret.iisilogistiikka.fi\/shop\/","name":"Iisishopping","description":"B2B tukkukauppa kaupoille ja yrityksille","publisher":{"@id":"https:\/\/secret.iisilogistiikka.fi\/shop\/#organization"},"potentialAction":[{"@type":"SearchAction","target":{"@type":"EntryPoint","urlTemplate":"https:\/\/secret.iisilogistiikka.fi\/shop\/?s={search_term_string}"},"query-input":"required name=search_term_string"}],"inLanguage":"fi"},{"@type":"Organization","@id":"https:\/\/secret.iisilogistiikka.fi\/shop\/#organization","name":"Iisishopping","url":"https:\/\/secret.iisilogistiikka.fi\/shop\/","logo":{"@type":"ImageObject","inLanguage":"fi","@id":"https:\/\/secret.iisilogistiikka.fi\/shop\/#\/schema\/logo\/image\/","url":"https:\/\/secret.iisilogistiikka.fi\/shop\/wp-content\/uploads\/2022\/06\/cropped-iisishopping.png","contentUrl":"https:\/\/secret.iisilogistiikka.fi\/shop\/wp-content\/uploads\/2022\/06\/cropped-iisishopping.png","width":1500,"height":750,"caption":"Iisishopping"},"image":{"@id":"https:\/\/secret.iisilogistiikka.fi\/shop\/#\/schema\/logo\/image\/"},"sameAs":["https:\/\/www.facebook.com\/iisilogistiikka"]}]}},"jetpack_sharing_enabled":true,"_links":{"self":[{"href":"https:\/\/secret.iisilogistiikka.fi\/shop\/wp-json\/wp\/v2\/product\/603"}],"collection":[{"href":"https:\/\/secret.iisilogistiikka.fi\/shop\/wp-json\/wp\/v2\/product"}],"about":[{"href":"https:\/\/secret.iisilogistiikka.fi\/shop\/wp-json\/wp\/v2\/types\/product"}],"replies":[{"embeddable":true,"href":"https:\/\/secret.iisilogistiikka.fi\/shop\/wp-json\/wp\/v2\/comments?post=603"}],"wp:featuredmedia":[{"embeddable":true,"href":"https:\/\/secret.iisilogistiikka.fi\/shop\/wp-json\/wp\/v2\/media\/604"}],"wp:attachment":[{"href":"https:\/\/secret.iisilogistiikka.fi\/shop\/wp-json\/wp\/v2\/media?parent=603"}],"wp:term":[{"taxonomy":"product_cat","embeddable":true,"href":"https:\/\/secret.iisilogistiikka.fi\/shop\/wp-json\/wp\/v2\/product_cat?post=603"},{"taxonomy":"product_tag","embeddable":true,"href":"https:\/\/secret.iisilogistiikka.fi\/shop\/wp-json\/wp\/v2\/product_tag?post=603"}],"curies":[{"name":"wp","href":"https:\/\/api.w.org\/{rel}","templated":true}]}}